{"id":110304,"date":"2026-02-09T17:01:18","date_gmt":"2026-02-09T17:01:18","guid":{"rendered":"https:\/\/profitstore.pl\/index.php\/produkt\/nakladki-comfort-na-podlokietniki-do-wozka-clean-2\/"},"modified":"2026-02-09T17:01:18","modified_gmt":"2026-02-09T17:01:18","slug":"nakladki-comfort-na-podlokietniki-do-wozka-clean-2","status":"publish","type":"product","link":"https:\/\/profitstore.pl\/index.php\/produkt\/nakladki-comfort-na-podlokietniki-do-wozka-clean-2\/","title":{"rendered":"Nak\u0142adki Comfort na pod\u0142okietniki  do w\u00f3zka Clean"},"content":{"rendered":"","protected":false},"excerpt":{"rendered":"<p>Pod\u0142okietniki Comfort do w\u00f3zka Clean. Mi\u0119kkie i ciep\u0142e, zapewniaj\u0105 pewny chwyt podczas siadania\/wstawania.<\/p>\n","protected":false},"featured_media":111755,"template":"","meta":[],"_links":{"self":[{"href":"https:\/\/profitstore.pl\/index.php\/wp-json\/wp\/v2\/product\/110304"}],"collection":[{"href":"https:\/\/profitstore.pl\/index.php\/wp-json\/wp\/v2\/product"}],"about":[{"href":"https:\/\/profitstore.pl\/index.php\/wp-json\/wp\/v2\/types\/product"}],"wp:featuredmedia":[{"embeddable":true,"href":"https:\/\/profitstore.pl\/index.php\/wp-json\/wp\/v2\/media\/111755"}],"wp:attachment":[{"href":"https:\/\/profitstore.pl\/index.php\/wp-json\/wp\/v2\/media?parent=110304"}],"curies":[{"name":"wp","href":"https:\/\/api.w.org\/{rel}","templated":true}]}}