{"id":110297,"date":"2025-04-07T16:00:22","date_gmt":"2025-04-07T16:00:22","guid":{"rendered":"https:\/\/profitstore.pl\/index.php\/produkt\/taboret-pod-prysznic-2\/"},"modified":"2025-04-07T16:00:22","modified_gmt":"2025-04-07T16:00:22","slug":"taboret-pod-prysznic-2","status":"publish","type":"product","link":"https:\/\/profitstore.pl\/index.php\/produkt\/taboret-pod-prysznic-2\/","title":{"rendered":"Taboret pod prysznic"},"content":{"rendered":"","protected":false},"excerpt":{"rendered":"<p>Podczas korzystania z taboretu pod prysznic z wyci\u0119ciem otworu w siedzisku w kszta\u0142cie litery \u201eU\u201d, osoby z ograniczon\u0105 sprawno\u015bci\u0105 ruchow\u0105 s\u0105 w stanie zadba\u0107 o codzienn\u0105 higien\u0119 osobist\u0105 w spos\u00f3b bezpieczny i samodzielny. Taboret\u00a0\u00a0 ustawiony pod prysznicem zwi\u0119ksza wygod\u0119 i bezpiecze\u0144stwo wykonywania czynno\u015bci higienicznych.<\/p>\n","protected":false},"featured_media":111747,"template":"","meta":[],"_links":{"self":[{"href":"https:\/\/profitstore.pl\/index.php\/wp-json\/wp\/v2\/product\/110297"}],"collection":[{"href":"https:\/\/profitstore.pl\/index.php\/wp-json\/wp\/v2\/product"}],"about":[{"href":"https:\/\/profitstore.pl\/index.php\/wp-json\/wp\/v2\/types\/product"}],"wp:featuredmedia":[{"embeddable":true,"href":"https:\/\/profitstore.pl\/index.php\/wp-json\/wp\/v2\/media\/111747"}],"wp:attachment":[{"href":"https:\/\/profitstore.pl\/index.php\/wp-json\/wp\/v2\/media?parent=110297"}],"curies":[{"name":"wp","href":"https:\/\/api.w.org\/{rel}","templated":true}]}}