{"id":110295,"date":"2026-04-06T16:00:15","date_gmt":"2026-04-06T16:00:15","guid":{"rendered":"https:\/\/profitstore.pl\/index.php\/produkt\/laweczka-opuszczana-do-wanny-2\/"},"modified":"2026-04-06T16:00:16","modified_gmt":"2026-04-06T16:00:16","slug":"laweczka-opuszczana-do-wanny-2","status":"publish","type":"product","link":"https:\/\/profitstore.pl\/index.php\/produkt\/laweczka-opuszczana-do-wanny-2\/","title":{"rendered":"\u0141aweczka opuszczana do wanny"},"content":{"rendered":"","protected":false},"excerpt":{"rendered":"<p>Wspomaga wykonywanie codziennych czynno\u015bci toaletowych osobom z ograniczeniami motorycznymi. Zapewnia bezpieczn\u0105 pozycj\u0119 pacjentom z ograniczeniami zgi\u0119cia w stawie biodrowym np. po endoprotezoplastyce stawu biodrowego.<\/p>\n","protected":false},"featured_media":111745,"template":"","meta":[],"_links":{"self":[{"href":"https:\/\/profitstore.pl\/index.php\/wp-json\/wp\/v2\/product\/110295"}],"collection":[{"href":"https:\/\/profitstore.pl\/index.php\/wp-json\/wp\/v2\/product"}],"about":[{"href":"https:\/\/profitstore.pl\/index.php\/wp-json\/wp\/v2\/types\/product"}],"wp:featuredmedia":[{"embeddable":true,"href":"https:\/\/profitstore.pl\/index.php\/wp-json\/wp\/v2\/media\/111745"}],"wp:attachment":[{"href":"https:\/\/profitstore.pl\/index.php\/wp-json\/wp\/v2\/media?parent=110295"}],"curies":[{"name":"wp","href":"https:\/\/api.w.org\/{rel}","templated":true}]}}