{"id":110292,"date":"2026-04-06T16:00:15","date_gmt":"2026-04-06T16:00:15","guid":{"rendered":"https:\/\/profitstore.pl\/index.php\/produkt\/laweczka-na-wanne-z-obrotowym-siedziskiem-2\/"},"modified":"2026-04-06T16:00:15","modified_gmt":"2026-04-06T16:00:15","slug":"laweczka-na-wanne-z-obrotowym-siedziskiem-2","status":"publish","type":"product","link":"https:\/\/profitstore.pl\/index.php\/produkt\/laweczka-na-wanne-z-obrotowym-siedziskiem-2\/","title":{"rendered":"\u0141aweczka na wann\u0119 z obrotowym siedziskiem"},"content":{"rendered":"","protected":false},"excerpt":{"rendered":"<p>Ta \u0142aweczka szczeg\u00f3lnie zas\u0142uguje na uwag\u0119 ze wzgl\u0119du na zastosowanie obrotowego dysku, kt\u00f3ry w znacznym stopniu, dzi\u0119ki mo\u017cliwo\u015bci pe\u0142nego obrotu, u\u0142atwia u\u017cytkownikowi wej\u015bcie\/wyj\u015bcie z wanny.<\/p>\n","protected":false},"featured_media":111741,"template":"","meta":[],"_links":{"self":[{"href":"https:\/\/profitstore.pl\/index.php\/wp-json\/wp\/v2\/product\/110292"}],"collection":[{"href":"https:\/\/profitstore.pl\/index.php\/wp-json\/wp\/v2\/product"}],"about":[{"href":"https:\/\/profitstore.pl\/index.php\/wp-json\/wp\/v2\/types\/product"}],"wp:featuredmedia":[{"embeddable":true,"href":"https:\/\/profitstore.pl\/index.php\/wp-json\/wp\/v2\/media\/111741"}],"wp:attachment":[{"href":"https:\/\/profitstore.pl\/index.php\/wp-json\/wp\/v2\/media?parent=110292"}],"curies":[{"name":"wp","href":"https:\/\/api.w.org\/{rel}","templated":true}]}}