{"id":110284,"date":"2026-01-26T17:01:06","date_gmt":"2026-01-26T17:01:06","guid":{"rendered":"https:\/\/profitstore.pl\/index.php\/produkt\/przescieradlo-wodoodporne-pnsa-90x200-z-gumkami-2\/"},"modified":"2026-01-26T17:01:06","modified_gmt":"2026-01-26T17:01:06","slug":"przescieradlo-wodoodporne-pnsa-90x200-z-gumkami-2","status":"publish","type":"product","link":"https:\/\/profitstore.pl\/index.php\/produkt\/przescieradlo-wodoodporne-pnsa-90x200-z-gumkami-2\/","title":{"rendered":"Prze\u015bcierad\u0142o wodoodporne PNSA 90&#215;200 z gumkami"},"content":{"rendered":"","protected":false},"excerpt":{"rendered":"<p>Prze\u015bcierad\u0142o nieprzemakalne PNSA doskonale sprawdza si\u0119 w domu, w plac\u00f3wkach s\u0142u\u017cby zdrowia i u\u017cyteczno\u015bci publicznej. Jest przyjazne dla sk\u00f3ry, nie powoduje alergii oraz uczule\u0144. Prze\u015bcierad\u0142o PNSA mo\u017cna pra\u0107 w temperaturze do 60oC.<\/p>\n","protected":false},"featured_media":111728,"template":"","meta":[],"_links":{"self":[{"href":"https:\/\/profitstore.pl\/index.php\/wp-json\/wp\/v2\/product\/110284"}],"collection":[{"href":"https:\/\/profitstore.pl\/index.php\/wp-json\/wp\/v2\/product"}],"about":[{"href":"https:\/\/profitstore.pl\/index.php\/wp-json\/wp\/v2\/types\/product"}],"wp:featuredmedia":[{"embeddable":true,"href":"https:\/\/profitstore.pl\/index.php\/wp-json\/wp\/v2\/media\/111728"}],"wp:attachment":[{"href":"https:\/\/profitstore.pl\/index.php\/wp-json\/wp\/v2\/media?parent=110284"}],"curies":[{"name":"wp","href":"https:\/\/api.w.org\/{rel}","templated":true}]}}