{"id":110269,"date":"2026-03-30T16:00:20","date_gmt":"2026-03-30T16:00:20","guid":{"rendered":"https:\/\/profitstore.pl\/index.php\/produkt\/gilotyna-do-tabletek-apex-2\/"},"modified":"2026-03-30T16:00:21","modified_gmt":"2026-03-30T16:00:21","slug":"gilotyna-do-tabletek-apex-2","status":"publish","type":"product","link":"https:\/\/profitstore.pl\/index.php\/produkt\/gilotyna-do-tabletek-apex-2\/","title":{"rendered":"Gilotyna do tabletek Apex"},"content":{"rendered":"","protected":false},"excerpt":{"rendered":"<p>Gilotyna do tabletek Apex\u00a0 to idealne\u00a0 urz\u0105dzenie do podzia\u0142u tabletek. Metalowe ostrze pozwala\u00a0 na\u00a0 precyzyjne ci\u0119cie, wbudowana\u00a0 os\u0142ona chroni\u00a0 przed skaleczeniem podczas ustawiana tabletki. Przezroczysta obudowa umo\u017cliwia sta\u0142\u0105 kontrol\u0119 u\u0142o\u017cenia tabletki.<\/p>\n","protected":false},"featured_media":111707,"template":"","meta":[],"_links":{"self":[{"href":"https:\/\/profitstore.pl\/index.php\/wp-json\/wp\/v2\/product\/110269"}],"collection":[{"href":"https:\/\/profitstore.pl\/index.php\/wp-json\/wp\/v2\/product"}],"about":[{"href":"https:\/\/profitstore.pl\/index.php\/wp-json\/wp\/v2\/types\/product"}],"wp:featuredmedia":[{"embeddable":true,"href":"https:\/\/profitstore.pl\/index.php\/wp-json\/wp\/v2\/media\/111707"}],"wp:attachment":[{"href":"https:\/\/profitstore.pl\/index.php\/wp-json\/wp\/v2\/media?parent=110269"}],"curies":[{"name":"wp","href":"https:\/\/api.w.org\/{rel}","templated":true}]}}