{"id":110264,"date":"2026-04-06T16:00:11","date_gmt":"2026-04-06T16:00:11","guid":{"rendered":"https:\/\/profitstore.pl\/index.php\/produkt\/wanna-pcv-do-mycia-chorych\/"},"modified":"2026-04-06T16:00:11","modified_gmt":"2026-04-06T16:00:11","slug":"wanna-pcv-do-mycia-chorych","status":"publish","type":"product","link":"https:\/\/profitstore.pl\/index.php\/produkt\/wanna-pcv-do-mycia-chorych\/","title":{"rendered":"Wanna PCV do mycia chorych"},"content":{"rendered":"","protected":false},"excerpt":{"rendered":"<p>Wann\u0119 PCV\u00a0 do mycia os\u00f3b chorych\u00a0polecamy\u00a0\u00a0wszystkim tym, kt\u00f3rzy\u00a0szukaj\u0105 bardzo dobrego jako\u015bciowo produktu w przyst\u0119pnej cenie.\u00a0Wykonana\u00a0 jest z bardzo dobrego, wytrzyma\u0142ego materia\u0142u maj\u0105cego wysok\u0105 odporno\u015b\u0107 na bakterie i grzybnie. Podnosi komfort i bezpiecze\u0144stwo podczas k\u0105pieli podopiecznego, jednocze\u015bnie mocno \u201ewspieraj\u0105c\u201d opiekuna.<\/p>\n","protected":false},"featured_media":111700,"template":"","meta":[],"_links":{"self":[{"href":"https:\/\/profitstore.pl\/index.php\/wp-json\/wp\/v2\/product\/110264"}],"collection":[{"href":"https:\/\/profitstore.pl\/index.php\/wp-json\/wp\/v2\/product"}],"about":[{"href":"https:\/\/profitstore.pl\/index.php\/wp-json\/wp\/v2\/types\/product"}],"wp:featuredmedia":[{"embeddable":true,"href":"https:\/\/profitstore.pl\/index.php\/wp-json\/wp\/v2\/media\/111700"}],"wp:attachment":[{"href":"https:\/\/profitstore.pl\/index.php\/wp-json\/wp\/v2\/media?parent=110264"}],"curies":[{"name":"wp","href":"https:\/\/api.w.org\/{rel}","templated":true}]}}