{"id":110259,"date":"2026-04-13T16:01:11","date_gmt":"2026-04-13T16:01:11","guid":{"rendered":"https:\/\/profitstore.pl\/index.php\/produkt\/przyrzad-ulatwiajacy-wyjmowanie-tabletek-2\/"},"modified":"2026-04-13T16:01:13","modified_gmt":"2026-04-13T16:01:13","slug":"przyrzad-ulatwiajacy-wyjmowanie-tabletek-2","status":"publish","type":"product","link":"https:\/\/profitstore.pl\/index.php\/produkt\/przyrzad-ulatwiajacy-wyjmowanie-tabletek-2\/","title":{"rendered":"Przyrz\u0105d u\u0142atwiaj\u0105cy wyjmowanie tabletek"},"content":{"rendered":"","protected":false},"excerpt":{"rendered":"<p>Przyrz\u0105d do wyjmowania tabletek pakowanych w blistry. Szybki i \u0142atwy spos\u00f3b segregowania tabletek.<\/p>\n","protected":false},"featured_media":111692,"template":"","meta":[],"_links":{"self":[{"href":"https:\/\/profitstore.pl\/index.php\/wp-json\/wp\/v2\/product\/110259"}],"collection":[{"href":"https:\/\/profitstore.pl\/index.php\/wp-json\/wp\/v2\/product"}],"about":[{"href":"https:\/\/profitstore.pl\/index.php\/wp-json\/wp\/v2\/types\/product"}],"wp:featuredmedia":[{"embeddable":true,"href":"https:\/\/profitstore.pl\/index.php\/wp-json\/wp\/v2\/media\/111692"}],"wp:attachment":[{"href":"https:\/\/profitstore.pl\/index.php\/wp-json\/wp\/v2\/media?parent=110259"}],"curies":[{"name":"wp","href":"https:\/\/api.w.org\/{rel}","templated":true}]}}