{"id":110254,"date":"2026-04-06T16:00:09","date_gmt":"2026-04-06T16:00:09","guid":{"rendered":"https:\/\/profitstore.pl\/index.php\/produkt\/taboret-prysznicowy-kwadratowy-2\/"},"modified":"2026-04-06T16:00:09","modified_gmt":"2026-04-06T16:00:09","slug":"taboret-prysznicowy-kwadratowy-2","status":"publish","type":"product","link":"https:\/\/profitstore.pl\/index.php\/produkt\/taboret-prysznicowy-kwadratowy-2\/","title":{"rendered":"Taboret prysznicowy kwadratowy"},"content":{"rendered":"","protected":false},"excerpt":{"rendered":"<p>Taboret prysznicowy kwadratowy\u00a0pomaga osobom starszym i niepe\u0142nosprawnym w wykonywaniu czynno\u015bci sanitarnych w \u0142azience i pod prysznicem.\u00a0Taboret jest stabilny, wyposa\u017cony w nak\u0142adki antypo\u015blizgowe oraz uchwyty boczne.<\/p>\n","protected":false},"featured_media":111684,"template":"","meta":[],"_links":{"self":[{"href":"https:\/\/profitstore.pl\/index.php\/wp-json\/wp\/v2\/product\/110254"}],"collection":[{"href":"https:\/\/profitstore.pl\/index.php\/wp-json\/wp\/v2\/product"}],"about":[{"href":"https:\/\/profitstore.pl\/index.php\/wp-json\/wp\/v2\/types\/product"}],"wp:featuredmedia":[{"embeddable":true,"href":"https:\/\/profitstore.pl\/index.php\/wp-json\/wp\/v2\/media\/111684"}],"wp:attachment":[{"href":"https:\/\/profitstore.pl\/index.php\/wp-json\/wp\/v2\/media?parent=110254"}],"curies":[{"name":"wp","href":"https:\/\/api.w.org\/{rel}","templated":true}]}}