{"id":110252,"date":"2026-04-06T16:00:09","date_gmt":"2026-04-06T16:00:09","guid":{"rendered":"https:\/\/profitstore.pl\/index.php\/produkt\/wozek-toaletowy-transportowy-2\/"},"modified":"2026-04-06T16:00:09","modified_gmt":"2026-04-06T16:00:09","slug":"wozek-toaletowy-transportowy-2","status":"publish","type":"product","link":"https:\/\/profitstore.pl\/index.php\/produkt\/wozek-toaletowy-transportowy-2\/","title":{"rendered":"W\u00f3zek toaletowy transportowy"},"content":{"rendered":"","protected":false},"excerpt":{"rendered":"<p>Wygodny i solidny\u00a0w\u00f3zek toaletowy transportowy, kt\u00f3ry u\u0142atwi codzienn\u0105 higien\u0119.<\/p>\n<p>W\u00f3zek toaletowy\u00a0jest wyposa\u017cony w pojemnik sanitarny znajduj\u0105cy si\u0119 pod siedziskiem oraz cztery obrotowe ko\u0142a, dzi\u0119ki kt\u00f3rym mo\u017cna naje\u017cd\u017ca\u0107 na sedes.<\/p>\n","protected":false},"featured_media":111680,"template":"","meta":[],"_links":{"self":[{"href":"https:\/\/profitstore.pl\/index.php\/wp-json\/wp\/v2\/product\/110252"}],"collection":[{"href":"https:\/\/profitstore.pl\/index.php\/wp-json\/wp\/v2\/product"}],"about":[{"href":"https:\/\/profitstore.pl\/index.php\/wp-json\/wp\/v2\/types\/product"}],"wp:featuredmedia":[{"embeddable":true,"href":"https:\/\/profitstore.pl\/index.php\/wp-json\/wp\/v2\/media\/111680"}],"wp:attachment":[{"href":"https:\/\/profitstore.pl\/index.php\/wp-json\/wp\/v2\/media?parent=110252"}],"curies":[{"name":"wp","href":"https:\/\/api.w.org\/{rel}","templated":true}]}}