{"id":109046,"date":"2024-09-23T09:32:25","date_gmt":"2024-09-23T09:32:25","guid":{"rendered":"https:\/\/profitstore.pl\/index.php\/produkt\/pokrowiec-na-choinke-turkus-80x200cm-2\/"},"modified":"2024-09-23T09:32:39","modified_gmt":"2024-09-23T09:32:39","slug":"pokrowiec-na-choinke-turkus-80x200cm-2","status":"publish","type":"product","link":"https:\/\/profitstore.pl\/index.php\/produkt\/pokrowiec-na-choinke-turkus-80x200cm-2\/","title":{"rendered":"Pokrowiec na choink\u0119 turkus 80x200cm"},"content":{"rendered":"<p>Nadaje si\u0119 do ka\u017cdej \u017cywej i sztucznej choinki do 2,5m wysoko\u015bci. Posiada zamek b\u0142yskawiczny co u\u0142atwia szybkie zak\u0142adanie i zdejmowanie. Wygodne szelki umo\u017cliwiaj\u0105ce noszenie. Zabezpiecza tapicerk\u0119 samochodow\u0105 przed wbijaniem igie\u0142. Chroni przed gubieniem igie\u0142 w domu. U\u0142atwia przechowywanie przez ca\u0142y rok. Zabezpiecza choink\u0119 przed kurzem i zabrudzeniami. Wieloletnie stosowanie. Wymiary pokrowca: 80cm x 200cm<\/p>\n<p>Poni\u017cej przedstawiamy sprzedawany produkt:<\/p>\n<p><img src=\"https:\/\/noweogrody.pl\/36486-large_default\/pokrowiec-na-choinke-turkus-80x200cm.jpg\" alt=\"Pokrowiec na choink\u0119 turkus 80x200cm\" \/><\/p>\n","protected":false},"excerpt":{"rendered":"<p>Nadaje si\u0119 do ka\u017cdej \u017cywej i sztucznej choinki do 2,5m wysoko\u015bci. Posiada zamek b\u0142yskawiczny co u\u0142atwia szybkie zak\u0142adanie i zdejmowanie. Wygodne szelki umo\u017cliwiaj\u0105ce noszenie. Zabezpiecza tapicerk\u0119 samochodow\u0105 przed wbijaniem igie\u0142. Chroni przed gubieniem igie\u0142 w domu. U\u0142atwia przechowywanie przez ca\u0142y rok. Zabezpiecza choink\u0119 przed kurzem i zabrudzeniami. Wieloletnie stosowanie. Wymiary pokrowca: 80cm x 200cm<\/p>\n","protected":false},"featured_media":115816,"template":"","meta":[],"_links":{"self":[{"href":"https:\/\/profitstore.pl\/index.php\/wp-json\/wp\/v2\/product\/109046"}],"collection":[{"href":"https:\/\/profitstore.pl\/index.php\/wp-json\/wp\/v2\/product"}],"about":[{"href":"https:\/\/profitstore.pl\/index.php\/wp-json\/wp\/v2\/types\/product"}],"wp:featuredmedia":[{"embeddable":true,"href":"https:\/\/profitstore.pl\/index.php\/wp-json\/wp\/v2\/media\/115816"}],"wp:attachment":[{"href":"https:\/\/profitstore.pl\/index.php\/wp-json\/wp\/v2\/media?parent=109046"}],"curies":[{"name":"wp","href":"https:\/\/api.w.org\/{rel}","templated":true}]}}