{"id":108593,"date":"2024-03-28T12:28:57","date_gmt":"2024-03-28T12:28:57","guid":{"rendered":"https:\/\/profitstore.pl\/index.php\/produkt\/worek-na-odpady-okragly-zielony-3\/"},"modified":"2024-03-28T12:29:24","modified_gmt":"2024-03-28T12:29:24","slug":"worek-na-odpady-okragly-zielony-3","status":"publish","type":"product","link":"https:\/\/profitstore.pl\/index.php\/produkt\/worek-na-odpady-okragly-zielony-3\/","title":{"rendered":"Worek na odpady okr\u0105g\u0142y zielony"},"content":{"rendered":"<p>Poni\u017cej przedstawiamy sprzedawany produkt:<\/p>\n<p><img src=\"https:\/\/noweogrody.pl\/30845-large_default\/worek-na-odpady-okragly-zielony.jpg\" alt=\"Worek na odpady okr\u0105g\u0142y zielony\" \/><\/p>\n","protected":false},"excerpt":{"rendered":"<p>Poni\u017cej przedstawiamy sprzedawany produkt:<\/p>\n","protected":false},"featured_media":97383,"template":"","meta":[],"_links":{"self":[{"href":"https:\/\/profitstore.pl\/index.php\/wp-json\/wp\/v2\/product\/108593"}],"collection":[{"href":"https:\/\/profitstore.pl\/index.php\/wp-json\/wp\/v2\/product"}],"about":[{"href":"https:\/\/profitstore.pl\/index.php\/wp-json\/wp\/v2\/types\/product"}],"wp:featuredmedia":[{"embeddable":true,"href":"https:\/\/profitstore.pl\/index.php\/wp-json\/wp\/v2\/media\/97383"}],"wp:attachment":[{"href":"https:\/\/profitstore.pl\/index.php\/wp-json\/wp\/v2\/media?parent=108593"}],"curies":[{"name":"wp","href":"https:\/\/api.w.org\/{rel}","templated":true}]}}