{"id":108388,"date":"2024-09-23T09:09:29","date_gmt":"2024-09-23T09:09:29","guid":{"rendered":"https:\/\/profitstore.pl\/index.php\/produkt\/worek-jutowy-110x60-305g-m2-meg-3\/"},"modified":"2024-09-23T09:09:38","modified_gmt":"2024-09-23T09:09:38","slug":"worek-jutowy-110x60-305g-m2-meg-3","status":"publish","type":"product","link":"https:\/\/profitstore.pl\/index.php\/produkt\/worek-jutowy-110x60-305g-m2-meg-3\/","title":{"rendered":"Worek jutowy 110&#215;60 305g\/m2 MEG"},"content":{"rendered":"<p>Idealnie nadaje si\u0119 do przechowywania zbior\u00f3w, pakowania prezent\u00f3w itp. Nie nadaje si\u0119 do pakowania produkt\u00f3w sypkich (m\u0105ka, cukier, s\u00f3l ) Juta jest to materia\u0142 w 100% naturalny, kt\u00f3ry przepuszcza powietrze Klienci wykorzystuja worki w r\u00f3znych dziedzinach: \u2013 Pakowanie ( drewna, groszku, wegla ) \u2013 Okrywanie doniczek -Ocieplanie uli \u2013 Do w\u0119dzarni \u2013 Przykrywanie r\u00f3znych rzeczy \u2013 Do wykonywania ozd\u00f3b \u2013 W florystyce \u2013 Jako legowisko dla zwierz\u0105t -Do inscenizacji r\u00f3znego rodzaju przedstawien -Zamiast szarego p\u0142\u00f3tna \u2013 W tapicerstwie<\/p>\n<p>Poni\u017cej przedstawiamy sprzedawany produkt:<\/p>\n<p><img src=\"https:\/\/noweogrody.pl\/26189-large_default\/worek-jutowy-110x60-305g-m2-meg.jpg\" alt=\"Worek jutowy 110x60 305g\/m2 MEG\" \/><\/p>\n","protected":false},"excerpt":{"rendered":"<p>Idealnie nadaje si\u0119 do przechowywania zbior\u00f3w, pakowania prezent\u00f3w itp. Nie nadaje si\u0119 do pakowania produkt\u00f3w sypkich (m\u0105ka, cukier, s\u00f3l ) Juta jest to materia\u0142 w 100% naturalny, kt\u00f3ry przepuszcza powietrze Klienci wykorzystuja worki w r\u00f3znych dziedzinach: \u2013 Pakowanie ( drewna, groszku, wegla ) \u2013 Okrywanie doniczek -Ocieplanie uli \u2013 Do w\u0119dzarni \u2013 Przykrywanie r\u00f3znych rzeczy \u2013 Do wykonywania ozd\u00f3b \u2013 W florystyce \u2013 Jako legowisko dla zwierz\u0105t -Do inscenizacji r\u00f3znego rodzaju przedstawien -Zamiast szarego p\u0142\u00f3tna \u2013 W tapicerstwie<\/p>\n","protected":false},"featured_media":97086,"template":"","meta":[],"_links":{"self":[{"href":"https:\/\/profitstore.pl\/index.php\/wp-json\/wp\/v2\/product\/108388"}],"collection":[{"href":"https:\/\/profitstore.pl\/index.php\/wp-json\/wp\/v2\/product"}],"about":[{"href":"https:\/\/profitstore.pl\/index.php\/wp-json\/wp\/v2\/types\/product"}],"wp:featuredmedia":[{"embeddable":true,"href":"https:\/\/profitstore.pl\/index.php\/wp-json\/wp\/v2\/media\/97086"}],"wp:attachment":[{"href":"https:\/\/profitstore.pl\/index.php\/wp-json\/wp\/v2\/media?parent=108388"}],"curies":[{"name":"wp","href":"https:\/\/api.w.org\/{rel}","templated":true}]}}