{"id":108295,"date":"2024-03-28T12:21:36","date_gmt":"2024-03-28T12:21:36","guid":{"rendered":"https:\/\/profitstore.pl\/index.php\/produkt\/cylinder-bamboo-bialy-19cm-3\/"},"modified":"2024-03-28T12:21:43","modified_gmt":"2024-03-28T12:21:43","slug":"cylinder-bamboo-bialy-19cm-3","status":"publish","type":"product","link":"https:\/\/profitstore.pl\/index.php\/produkt\/cylinder-bamboo-bialy-19cm-3\/","title":{"rendered":"Cylinder bamboo bia\u0142y 19cm"},"content":{"rendered":"<p>Donica w kszta\u0142cie cylindra na drewnianej podstawie. Produkt wykonany jest z wysokiej jako\u015bci szkliwionej ceramiki. Podstawa jest z drewna bambusowego i pe\u0142ni jedynie funkcj\u0119 dekoracyjn\u0105 (donica nie posiada otworu w dnie). Oferowane s\u0105 3 rozmiary tego modelu. Wi\u0119cej informacji znajduje si\u0119 w zak\u0142adce dane techniczne. Produkty wykonane s\u0105 r\u0119cznie i rzeczywiste wymiary mog\u0105 nieznaczenie odbiega\u0107 od deklarowanych (+\/- 5%). \u015brednica 19cm\/wysoko\u015b\u0107 19 cm<\/p>\n<p>Poni\u017cej przedstawiamy sprzedawany produkt:<\/p>\n<p><img src=\"https:\/\/noweogrody.pl\/32932-large_default\/cylinder-bamboo-bialy-19cm.jpg\" alt=\"Cylinder bamboo bia\u0142y 19cm\" \/><\/p>\n","protected":false},"excerpt":{"rendered":"<p>Donica w kszta\u0142cie cylindra na drewnianej podstawie. Produkt wykonany jest z wysokiej jako\u015bci szkliwionej ceramiki. Podstawa jest z drewna bambusowego i pe\u0142ni jedynie funkcj\u0119 dekoracyjn\u0105 (donica nie posiada otworu w dnie). Oferowane s\u0105 3 rozmiary tego modelu. Wi\u0119cej informacji znajduje si\u0119 w zak\u0142adce dane techniczne. Produkty wykonane s\u0105 r\u0119cznie i rzeczywiste wymiary mog\u0105 nieznaczenie odbiega\u0107 od deklarowanych (+\/- 5%). \u015brednica 19cm\/wysoko\u015b\u0107 19 cm<\/p>\n","protected":false},"featured_media":97004,"template":"","meta":[],"_links":{"self":[{"href":"https:\/\/profitstore.pl\/index.php\/wp-json\/wp\/v2\/product\/108295"}],"collection":[{"href":"https:\/\/profitstore.pl\/index.php\/wp-json\/wp\/v2\/product"}],"about":[{"href":"https:\/\/profitstore.pl\/index.php\/wp-json\/wp\/v2\/types\/product"}],"wp:featuredmedia":[{"embeddable":true,"href":"https:\/\/profitstore.pl\/index.php\/wp-json\/wp\/v2\/media\/97004"}],"wp:attachment":[{"href":"https:\/\/profitstore.pl\/index.php\/wp-json\/wp\/v2\/media?parent=108295"}],"curies":[{"name":"wp","href":"https:\/\/api.w.org\/{rel}","templated":true}]}}