{"id":108278,"date":"2024-03-28T12:21:07","date_gmt":"2024-03-28T12:21:07","guid":{"rendered":"https:\/\/profitstore.pl\/index.php\/produkt\/arbuz-crimson-sweet-1g-leg-3\/"},"modified":"2024-03-28T12:21:16","modified_gmt":"2024-03-28T12:21:16","slug":"arbuz-crimson-sweet-1g-leg-3","status":"publish","type":"product","link":"https:\/\/profitstore.pl\/index.php\/produkt\/arbuz-crimson-sweet-1g-leg-3\/","title":{"rendered":"Arbuz Crimson Sweet 1g leg"},"content":{"rendered":"<p>Bardzo ciekawa odmiana arbuza. Owalne owoce o wadze 5 &#8211; 7 kg, maj\u0105 jasnozielon\u0105 sk\u00f3rk\u0119 w ciemnozielone pasy. Mi\u0105\u017csz czerwony, bardzo soczysty i bardzo s\u0142odki. Polecana do uprawy zar\u00f3wno pod os\u0142onami jak i w gruncie. Nasiona wysiewa\u0107 w ko\u0144cu kwietnia na pocz\u0105tku maja do doniczek o \u015brednicy 7-8 cm, w pomieszczeniach o temperaturze 22-24\u00b0C. Rozsad\u0119 z 4-5 li\u015b\u0107mi wysadza\u0107 do gruntu w drugiej po\u0142owie maja, w rozstawie 1,0&#215;1,0 m, najlepiej w do\u0142ki zaprawione dobrze roz\u0142o\u017conym obornikiem lub kompostem. Uprawia\u0107 w miejscu nas\u0142onecznionym, os\u0142oni\u0119tym, na glebie \u017cyznej i wilgotnej. Zbi\u00f3r owoc\u00f3w rozpoczyna si\u0119 w sierpniu i trwa do ko\u0144ca wrze\u015bnia. Dojrza\u0142e owoce przy ostukiwaniu wydaj\u0105 g\u0142uchy odg\u0142os. &nbsp; Wysiew pod os\u0142onami do doniczki: 15.IV-10.V, g\u0142. 2-3 cm Wysadzanie na miejsce sta\u0142e: 20.V Rozstawa: 1,0 x 1,0 m Zbi\u00f3r: VIII- IX Stanowisko: s\u0142oneczne<\/p>\n<p>Poni\u017cej przedstawiamy sprzedawany produkt:<\/p>\n<p><img src=\"https:\/\/noweogrody.pl\/36861-large_default\/arbuz-crimson-sweet-1g-leg.jpg\" alt=\"Arbuz Crimson Sweet 1g leg\" \/><\/p>\n","protected":false},"excerpt":{"rendered":"<p>Bardzo ciekawa odmiana arbuza. Owalne owoce o wadze 5 &#8211; 7 kg, maj\u0105 jasnozielon\u0105 sk\u00f3rk\u0119 w ciemnozielone pasy. Mi\u0105\u017csz czerwony, bardzo soczysty i bardzo s\u0142odki. Polecana do uprawy zar\u00f3wno pod os\u0142onami jak i w gruncie. Nasiona wysiewa\u0107 w ko\u0144cu kwietnia na pocz\u0105tku maja do doniczek o \u015brednicy 7-8 cm, w pomieszczeniach o temperaturze 22-24\u00b0C. Rozsad\u0119 z 4-5 li\u015b\u0107mi wysadza\u0107 do gruntu w drugiej po\u0142owie maja, w rozstawie 1,0&#215;1,0 m, najlepiej w do\u0142ki zaprawione dobrze roz\u0142o\u017conym obornikiem lub kompostem. Uprawia\u0107 w miejscu nas\u0142onecznionym, os\u0142oni\u0119tym, na glebie \u017cyznej i wilgotnej. Zbi\u00f3r owoc\u00f3w rozpoczyna si\u0119 w sierpniu i trwa do ko\u0144ca wrze\u015bnia. Dojrza\u0142e owoce przy ostukiwaniu wydaj\u0105 g\u0142uchy odg\u0142os. &nbsp; Wysiew pod os\u0142onami do doniczki: 15.IV-10.V, g\u0142. 2-3 cm Wysadzanie na miejsce sta\u0142e: 20.V Rozstawa: 1,0 x 1,0 m Zbi\u00f3r: VIII- IX Stanowisko: s\u0142oneczne<\/p>\n","protected":false},"featured_media":0,"template":"","meta":[],"_links":{"self":[{"href":"https:\/\/profitstore.pl\/index.php\/wp-json\/wp\/v2\/product\/108278"}],"collection":[{"href":"https:\/\/profitstore.pl\/index.php\/wp-json\/wp\/v2\/product"}],"about":[{"href":"https:\/\/profitstore.pl\/index.php\/wp-json\/wp\/v2\/types\/product"}],"wp:attachment":[{"href":"https:\/\/profitstore.pl\/index.php\/wp-json\/wp\/v2\/media?parent=108278"}],"curies":[{"name":"wp","href":"https:\/\/api.w.org\/{rel}","templated":true}]}}