{"id":108255,"date":"2024-03-28T12:20:39","date_gmt":"2024-03-28T12:20:39","guid":{"rendered":"https:\/\/profitstore.pl\/index.php\/produkt\/pomidor-maliniak-1g-pnos-2\/"},"modified":"2024-03-28T12:20:40","modified_gmt":"2024-03-28T12:20:40","slug":"pomidor-maliniak-1g-pnos-2","status":"publish","type":"product","link":"https:\/\/profitstore.pl\/index.php\/produkt\/pomidor-maliniak-1g-pnos-2\/","title":{"rendered":"Pomidor Maliniak 1g pnos"},"content":{"rendered":"<p>Pomidor \u201aMALINIAK\u2019 odmiana \u015brednio p\u00f3\u017ana Odmiana malinowa, rodzi dorodne owoce. Plenna, sztywno\u0142odygowa, wymagaj\u0105ca palikowania. Pod ci\u0119\u017caru owoc\u00f3w p\u0119dy mog\u0105 pok\u0142ada\u0107 si\u0119 na ziemi. Owoce s\u0105 bogate w soki i intensywne w smaku. Nie s\u0105 podatne na p\u0119kanie. Maksymalna \u015brednica owocu 23cm. Owoce tej odmiany s\u0105 doskona\u0142e do jedzenia na surowo oraz na przetwory i soki.&nbsp;Odmiana polecana do uprawy z rozsady.&nbsp;Ilo\u015b\u0107 dni od posadzenia do zbioru:&nbsp;75-85. Liczba nasion: 250-270 szt. w gramie Norma wysiewu: 0,2-0,3kg\/ha (z rozsady) Norma wysiewu: 1,5-2kg\/ha (do gruntu) Termin wysiewu: 2 dekada III-1 dekada IV (rozsada) Termin wysiewu: po\u0142. V (do gruntu) Termin sadzenia rozsady: po\u0142. V-po\u0142. IV Rozstawa: 70-80&#215;40-60 cm Termin zbioru: VII-IX Opakowanie 1g<\/p>\n<p>Poni\u017cej przedstawiamy sprzedawany produkt:<\/p>\n<p><img src=\"https:\/\/noweogrody.pl\/38467-large_default\/pomidor-maliniak-1g-pnos.jpg\" alt=\"Pomidor Maliniak 1g pnos\" \/><\/p>\n","protected":false},"excerpt":{"rendered":"<p>Pomidor \u201aMALINIAK\u2019 odmiana \u015brednio p\u00f3\u017ana Odmiana malinowa, rodzi dorodne owoce. Plenna, sztywno\u0142odygowa, wymagaj\u0105ca palikowania. Pod ci\u0119\u017caru owoc\u00f3w p\u0119dy mog\u0105 pok\u0142ada\u0107 si\u0119 na ziemi. Owoce s\u0105 bogate w soki i intensywne w smaku. Nie s\u0105 podatne na p\u0119kanie. Maksymalna \u015brednica owocu 23cm. Owoce tej odmiany s\u0105 doskona\u0142e do jedzenia na surowo oraz na przetwory i soki.&nbsp;Odmiana polecana do uprawy z rozsady.&nbsp;Ilo\u015b\u0107 dni od posadzenia do zbioru:&nbsp;75-85. Liczba nasion: 250-270 szt. w gramie Norma wysiewu: 0,2-0,3kg\/ha (z rozsady) Norma wysiewu: 1,5-2kg\/ha (do gruntu) Termin wysiewu: 2 dekada III-1 dekada IV (rozsada) Termin wysiewu: po\u0142. V (do gruntu) Termin sadzenia rozsady: po\u0142. V-po\u0142. IV Rozstawa: 70-80&#215;40-60 cm Termin zbioru: VII-IX Opakowanie 1g<\/p>\n","protected":false},"featured_media":0,"template":"","meta":[],"_links":{"self":[{"href":"https:\/\/profitstore.pl\/index.php\/wp-json\/wp\/v2\/product\/108255"}],"collection":[{"href":"https:\/\/profitstore.pl\/index.php\/wp-json\/wp\/v2\/product"}],"about":[{"href":"https:\/\/profitstore.pl\/index.php\/wp-json\/wp\/v2\/types\/product"}],"wp:attachment":[{"href":"https:\/\/profitstore.pl\/index.php\/wp-json\/wp\/v2\/media?parent=108255"}],"curies":[{"name":"wp","href":"https:\/\/api.w.org\/{rel}","templated":true}]}}