{"id":108184,"date":"2024-03-28T12:18:28","date_gmt":"2024-03-28T12:18:28","guid":{"rendered":"https:\/\/profitstore.pl\/index.php\/produkt\/metalowy-lampion-bialy-20x20x225-40h-3\/"},"modified":"2024-03-28T12:18:44","modified_gmt":"2024-03-28T12:18:44","slug":"metalowy-lampion-bialy-20x20x225-40h-3","status":"publish","type":"product","link":"https:\/\/profitstore.pl\/index.php\/produkt\/metalowy-lampion-bialy-20x20x225-40h-3\/","title":{"rendered":"Metalowy lampion bia\u0142y 20x20x22,5\/40h"},"content":{"rendered":"<p>BIA\u0141Y METALOWY LAMPION ZE SZNURKIEM 20x20x22,5\/40h cm &nbsp; NOWO\u015a\u0106 W NASZYM ASORTYMENCIE!&nbsp;Bia\u0142y metalowy lampion inspirowany stylem orientalnym.&nbsp; &nbsp;&nbsp;Metalowy lampion&nbsp;ozdobiony jest&nbsp;bogatym dalekowschodnim ornamentem, dzi\u0119ki kt\u00f3remu &#8211; po w\u0142o\u017ceniu zapalonej \u015bwieczki (lub tealight opcjonalnie) do znajduj\u0105cego si\u0119 w jego \u015brodku szklanego wk\u0142adu &#8211; \u015bwiat\u0142o&nbsp;w ciekawy spos\u00f3b za\u0142amie si\u0119&nbsp;i&nbsp;delikatnie rozproszy dooko\u0142a.&nbsp; &nbsp;&nbsp;Metalowy lampion&nbsp;mo\u017cna wykorzysta\u0107 zar\u00f3wno do&nbsp;dekoracji tak naprawd\u0119 ka\u017cdego miejsca w domu: od salonu, poprzez przedpok\u00f3j, a sko\u0144czywszy na \u0142azience, jak i w cieplejsze miesi\u0105ce &#8211; tak\u017ce&nbsp;balkonu, werandy i altany ogrodowej. Po\u0142\u0105czenie pachn\u0105cych ro\u015blin, dobrego towarzystwa i \u015bwiat\u0142a lampion\u00f3w&nbsp;gwarantuje udany wiecz\u00f3r!&nbsp; SPECYFIKACJA Wymiary lampionu: \u015brednica zewn\u0119trzna (w najszerszym punkcie): 20cm wysoko\u015b\u0107 lampionu bez sznurka: 22,5cm wysoko\u015b\u0107 lampionu ze sznurkiem: 40cm \u015brednica otworu: 9,5cm Cechy produktu: wykonany z metalu; pomalowany na bia\u0142o; w \u015brodku znajduje si\u0119 szklany wk\u0142ad na \u015bwieczk\u0119 lub teelight; mo\u017cliwo\u015b\u0107 podstawienia lub powieszenia; przeznaczenie: dekoracja.<\/p>\n<p>Poni\u017cej przedstawiamy sprzedawany produkt:<\/p>\n<p><img src=\"https:\/\/noweogrody.pl\/21071-large_default\/metalowy-lampion-bialy-20x20x225-40h.jpg\" alt=\"Metalowy lampion bia\u0142y 20x20x22,5\/40h\" \/><\/p>\n","protected":false},"excerpt":{"rendered":"<p>BIA\u0141Y METALOWY LAMPION ZE SZNURKIEM 20x20x22,5\/40h cm &nbsp; NOWO\u015a\u0106 W NASZYM ASORTYMENCIE!&nbsp;Bia\u0142y metalowy lampion inspirowany stylem orientalnym.&nbsp; &nbsp;&nbsp;Metalowy lampion&nbsp;ozdobiony jest&nbsp;bogatym dalekowschodnim ornamentem, dzi\u0119ki kt\u00f3remu &#8211; po w\u0142o\u017ceniu zapalonej \u015bwieczki (lub tealight opcjonalnie) do znajduj\u0105cego si\u0119 w jego \u015brodku szklanego wk\u0142adu &#8211; \u015bwiat\u0142o&nbsp;w ciekawy spos\u00f3b za\u0142amie si\u0119&nbsp;i&nbsp;delikatnie rozproszy dooko\u0142a.&nbsp; &nbsp;&nbsp;Metalowy lampion&nbsp;mo\u017cna wykorzysta\u0107 zar\u00f3wno do&nbsp;dekoracji tak naprawd\u0119 ka\u017cdego miejsca w domu: od salonu, poprzez przedpok\u00f3j, a sko\u0144czywszy na \u0142azience, jak i w cieplejsze miesi\u0105ce &#8211; tak\u017ce&nbsp;balkonu, werandy i altany ogrodowej. Po\u0142\u0105czenie pachn\u0105cych ro\u015blin, dobrego towarzystwa i \u015bwiat\u0142a lampion\u00f3w&nbsp;gwarantuje udany wiecz\u00f3r!&nbsp; SPECYFIKACJA Wymiary lampionu: \u015brednica zewn\u0119trzna (w najszerszym punkcie): 20cm wysoko\u015b\u0107 lampionu bez sznurka: 22,5cm wysoko\u015b\u0107 lampionu ze sznurkiem: 40cm \u015brednica otworu: 9,5cm Cechy produktu: wykonany z metalu; pomalowany na bia\u0142o; w \u015brodku znajduje si\u0119 szklany wk\u0142ad na \u015bwieczk\u0119 lub teelight; mo\u017cliwo\u015b\u0107 podstawienia lub powieszenia; przeznaczenie: dekoracja.<\/p>\n","protected":false},"featured_media":0,"template":"","meta":[],"_links":{"self":[{"href":"https:\/\/profitstore.pl\/index.php\/wp-json\/wp\/v2\/product\/108184"}],"collection":[{"href":"https:\/\/profitstore.pl\/index.php\/wp-json\/wp\/v2\/product"}],"about":[{"href":"https:\/\/profitstore.pl\/index.php\/wp-json\/wp\/v2\/types\/product"}],"wp:attachment":[{"href":"https:\/\/profitstore.pl\/index.php\/wp-json\/wp\/v2\/media?parent=108184"}],"curies":[{"name":"wp","href":"https:\/\/api.w.org\/{rel}","templated":true}]}}