{"id":108158,"date":"2024-09-23T08:59:29","date_gmt":"2024-09-23T08:59:29","guid":{"rendered":"https:\/\/profitstore.pl\/index.php\/produkt\/doniczka-sahara-35-bezowy-3\/"},"modified":"2024-09-23T08:59:37","modified_gmt":"2024-09-23T08:59:37","slug":"doniczka-sahara-35-bezowy-3","status":"publish","type":"product","link":"https:\/\/profitstore.pl\/index.php\/produkt\/doniczka-sahara-35-bezowy-3\/","title":{"rendered":"Doniczka Sahara 35 be\u017cowy"},"content":{"rendered":"<p>Donica plastikowa z wk\u0142adem, mrozoodporna \u015arednica: 35 cm Kolor: be\u017c Producent: Form Plastik<\/p>\n<p>Poni\u017cej przedstawiamy sprzedawany produkt:<\/p>\n<p><img src=\"https:\/\/noweogrody.pl\/20691-large_default\/doniczka-sahara-35-bezowy.jpg\" alt=\"Doniczka Sahara 35 be\u017cowy\" \/><\/p>\n","protected":false},"excerpt":{"rendered":"<p>Donica plastikowa z wk\u0142adem, mrozoodporna \u015arednica: 35 cm Kolor: be\u017c Producent: Form Plastik<\/p>\n","protected":false},"featured_media":0,"template":"","meta":[],"_links":{"self":[{"href":"https:\/\/profitstore.pl\/index.php\/wp-json\/wp\/v2\/product\/108158"}],"collection":[{"href":"https:\/\/profitstore.pl\/index.php\/wp-json\/wp\/v2\/product"}],"about":[{"href":"https:\/\/profitstore.pl\/index.php\/wp-json\/wp\/v2\/types\/product"}],"wp:attachment":[{"href":"https:\/\/profitstore.pl\/index.php\/wp-json\/wp\/v2\/media?parent=108158"}],"curies":[{"name":"wp","href":"https:\/\/api.w.org\/{rel}","templated":true}]}}