{"id":108156,"date":"2024-09-23T08:59:29","date_gmt":"2024-09-23T08:59:29","guid":{"rendered":"https:\/\/profitstore.pl\/index.php\/produkt\/kaptur-zimowy-agro-gf-40x55cm-3\/"},"modified":"2024-09-23T08:59:31","modified_gmt":"2024-09-23T08:59:31","slug":"kaptur-zimowy-agro-gf-40x55cm-3","status":"publish","type":"product","link":"https:\/\/profitstore.pl\/index.php\/produkt\/kaptur-zimowy-agro-gf-40x55cm-3\/","title":{"rendered":"Kaptur zimowy Agro GF 40x55cm"},"content":{"rendered":"<p>Dane techniczne wymiar 40x55cm gramatura: 50g\/m2 kolor: bia\u0142y dodatki: stabilizacja UV, kapturki z zaci\u0105giem Kapturki idealnie nadaj\u0105 si\u0119 do okrywania ro\u015blin doniczkowych i tych w gruncie, wysoka gramatura 50g\/m2 i zaci\u0105g gwarantuje bardzo dobr\u0105 ochron\u0119 przed mrozem i wiatrem. KAPTURKI POSIADAJ\u0104 STABILIZACJ\u0118 UV (niezb\u0119dn\u0105 przy bezpo\u015brednim kontakcie ze szkodliwym dzia\u0142aniem promieni ultrafioletowych) Silne podmuchy mro\u017anego wiatru stanowi\u0105 du\u017ce niebezpiecze\u0144stwo &#8211; wiatr powoduje intensywne parowanie wody z li\u015bci i igie\u0142. Ro\u015bliny zaczynaj\u0105 wysycha\u0107 poniewa\u017c nie s\u0105 w stanie pobra\u0107 dostatecznej ilo\u015bci wody z zamarzni\u0119tej gleby. Z tego powodu ig\u0142y u iglak\u00f3w schn\u0105 na mrozie, a na wiosn\u0119 s\u0105 w bardzo z\u0142ej kondycji. Wi\u0119kszo\u015b\u0107 z w\/w ro\u015blin stopniowo si\u0119 regeneruje, potrzeba im jednak kilku miesi\u0119cy zanim nabior\u0105 \u0142adnego wygl\u0105du. KAPTUR NACI\u0104GA SI\u0118 BEZPO\u015aREDNIO NA RO\u015aLIN\u0118 I ZACI\u0104GA SI\u0118 GO ZA POMOC\u0104 WSZYTEGO SZNURKA, KT\u00d3RY POZWALA W KILKA SEKUND ZABEZPIECZY\u0106 RO\u015aLINIE NAWET PODCZAS SILNYCH PORYW\u00d3W WIATR\u00d3W.<\/p>\n<p>Poni\u017cej przedstawiamy sprzedawany produkt:<\/p>\n<p><img src=\"https:\/\/noweogrody.pl\/31062-large_default\/kaptur-zimowy-agro-gf-40x55cm.jpg\" alt=\"Kaptur zimowy Agro GF 40x55cm\" \/><\/p>\n","protected":false},"excerpt":{"rendered":"<p>Dane techniczne wymiar 40x55cm gramatura: 50g\/m2 kolor: bia\u0142y dodatki: stabilizacja UV, kapturki z zaci\u0105giem Kapturki idealnie nadaj\u0105 si\u0119 do okrywania ro\u015blin doniczkowych i tych w gruncie, wysoka gramatura 50g\/m2 i zaci\u0105g gwarantuje bardzo dobr\u0105 ochron\u0119 przed mrozem i wiatrem. KAPTURKI POSIADAJ\u0104 STABILIZACJ\u0118 UV (niezb\u0119dn\u0105 przy bezpo\u015brednim kontakcie ze szkodliwym dzia\u0142aniem promieni ultrafioletowych) Silne podmuchy mro\u017anego wiatru stanowi\u0105 du\u017ce niebezpiecze\u0144stwo &#8211; wiatr powoduje intensywne parowanie wody z li\u015bci i igie\u0142. Ro\u015bliny zaczynaj\u0105 wysycha\u0107 poniewa\u017c nie s\u0105 w stanie pobra\u0107 dostatecznej ilo\u015bci wody z zamarzni\u0119tej gleby. Z tego powodu ig\u0142y u iglak\u00f3w schn\u0105 na mrozie, a na wiosn\u0119 s\u0105 w bardzo z\u0142ej kondycji. Wi\u0119kszo\u015b\u0107 z w\/w ro\u015blin stopniowo si\u0119 regeneruje, potrzeba im jednak kilku miesi\u0119cy zanim nabior\u0105 \u0142adnego wygl\u0105du. KAPTUR NACI\u0104GA SI\u0118 BEZPO\u015aREDNIO NA RO\u015aLIN\u0118 I ZACI\u0104GA SI\u0118 GO ZA POMOC\u0104 WSZYTEGO SZNURKA, KT\u00d3RY POZWALA W KILKA SEKUND ZABEZPIECZY\u0106 RO\u015aLINIE NAWET PODCZAS SILNYCH PORYW\u00d3W WIATR\u00d3W.<\/p>\n","protected":false},"featured_media":96878,"template":"","meta":[],"_links":{"self":[{"href":"https:\/\/profitstore.pl\/index.php\/wp-json\/wp\/v2\/product\/108156"}],"collection":[{"href":"https:\/\/profitstore.pl\/index.php\/wp-json\/wp\/v2\/product"}],"about":[{"href":"https:\/\/profitstore.pl\/index.php\/wp-json\/wp\/v2\/types\/product"}],"wp:featuredmedia":[{"embeddable":true,"href":"https:\/\/profitstore.pl\/index.php\/wp-json\/wp\/v2\/media\/96878"}],"wp:attachment":[{"href":"https:\/\/profitstore.pl\/index.php\/wp-json\/wp\/v2\/media?parent=108156"}],"curies":[{"name":"wp","href":"https:\/\/api.w.org\/{rel}","templated":true}]}}