{"id":107819,"date":"2024-09-23T06:36:56","date_gmt":"2024-09-23T06:36:56","guid":{"rendered":"https:\/\/profitstore.pl\/index.php\/produkt\/siatka-na-krety-horti-1m-x-10m-meg-3\/"},"modified":"2024-09-23T06:37:09","modified_gmt":"2024-09-23T06:37:09","slug":"siatka-na-krety-horti-1m-x-10m-meg-3","status":"publish","type":"product","link":"https:\/\/profitstore.pl\/index.php\/produkt\/siatka-na-krety-horti-1m-x-10m-meg-3\/","title":{"rendered":"Siatka na krety Horti 1m x 10m Meg"},"content":{"rendered":"<p>Siatka na kreta zapobiega powstawaniu na trawnikach koc\u00f3w kreta, a tak \u017ce niszczeniu go przez erozj\u0119 gleby.<\/p>\n<p>Poni\u017cej przedstawiamy sprzedawany produkt:<\/p>\n<p><img src=\"https:\/\/noweogrody.pl\/37810-large_default\/siatka-na-krety-horti-1m-x-10m-meg.jpg\" alt=\"Siatka na krety Horti 1m x 10m Meg\" \/><\/p>\n","protected":false},"excerpt":{"rendered":"<p>Siatka na kreta zapobiega powstawaniu na trawnikach koc\u00f3w kreta, a tak \u017ce niszczeniu go przez erozj\u0119 gleby.<\/p>\n","protected":false},"featured_media":115175,"template":"","meta":[],"_links":{"self":[{"href":"https:\/\/profitstore.pl\/index.php\/wp-json\/wp\/v2\/product\/107819"}],"collection":[{"href":"https:\/\/profitstore.pl\/index.php\/wp-json\/wp\/v2\/product"}],"about":[{"href":"https:\/\/profitstore.pl\/index.php\/wp-json\/wp\/v2\/types\/product"}],"wp:featuredmedia":[{"embeddable":true,"href":"https:\/\/profitstore.pl\/index.php\/wp-json\/wp\/v2\/media\/115175"}],"wp:attachment":[{"href":"https:\/\/profitstore.pl\/index.php\/wp-json\/wp\/v2\/media?parent=107819"}],"curies":[{"name":"wp","href":"https:\/\/api.w.org\/{rel}","templated":true}]}}