{"id":107788,"date":"2024-09-23T06:35:54","date_gmt":"2024-09-23T06:35:54","guid":{"rendered":"https:\/\/profitstore.pl\/index.php\/produkt\/torfowe-doniczki-okragla-10x8-op24szt-3\/"},"modified":"2024-09-23T06:36:14","modified_gmt":"2024-09-23T06:36:14","slug":"torfowe-doniczki-okragla-10x8-op24szt-3","status":"publish","type":"product","link":"https:\/\/profitstore.pl\/index.php\/produkt\/torfowe-doniczki-okragla-10x8-op24szt-3\/","title":{"rendered":"Torfowe doniczki okr\u0105g\u0142a 10&#215;8 op24szt."},"content":{"rendered":"<p>Poni\u017cej przedstawiamy sprzedawany produkt:<\/p>\n<p><img src=\"https:\/\/noweogrody.pl\/36910-large_default\/torfowe-doniczki-okragla-10x8-op24szt.jpg\" alt=\"Torfowe doniczki okr\u0105g\u0142a 10x8 op24szt.\" \/><\/p>\n","protected":false},"excerpt":{"rendered":"<p>Poni\u017cej przedstawiamy sprzedawany produkt:<\/p>\n","protected":false},"featured_media":115160,"template":"","meta":[],"_links":{"self":[{"href":"https:\/\/profitstore.pl\/index.php\/wp-json\/wp\/v2\/product\/107788"}],"collection":[{"href":"https:\/\/profitstore.pl\/index.php\/wp-json\/wp\/v2\/product"}],"about":[{"href":"https:\/\/profitstore.pl\/index.php\/wp-json\/wp\/v2\/types\/product"}],"wp:featuredmedia":[{"embeddable":true,"href":"https:\/\/profitstore.pl\/index.php\/wp-json\/wp\/v2\/media\/115160"}],"wp:attachment":[{"href":"https:\/\/profitstore.pl\/index.php\/wp-json\/wp\/v2\/media?parent=107788"}],"curies":[{"name":"wp","href":"https:\/\/api.w.org\/{rel}","templated":true}]}}