{"id":107749,"date":"2024-09-23T06:35:01","date_gmt":"2024-09-23T06:35:01","guid":{"rendered":"https:\/\/profitstore.pl\/index.php\/produkt\/kaptur-blyskawiczny-07x110cm-2-szt-3\/"},"modified":"2024-09-23T06:35:13","modified_gmt":"2024-09-23T06:35:13","slug":"kaptur-blyskawiczny-07x110cm-2-szt-3","status":"publish","type":"product","link":"https:\/\/profitstore.pl\/index.php\/produkt\/kaptur-blyskawiczny-07x110cm-2-szt-3\/","title":{"rendered":"Kaptur b\u0142yskawiczny 0,7x110cm 2 szt"},"content":{"rendered":"<p>Najwygodniejsza metoda ochrony ro \u015blin przed mrozem i wysuszaj\u0105cym zimowym wiatrem. Dzi\u0119ki zastosowaniu dw\u00f3ch warstw Agrow\u0142\u00f3kniny, pomi\u0119dzy kt\u00f3rymi umie\u015bcili\u015bmy komor\u0119 powietrzn\u0105, kaptur daje potr\u00f3jn\u0105 ochron\u0119 ro\u015blinom nieodpornym na dzia\u0142anie zimy, takim jak rododendrony, iglaki, r\u00f3\u017ce czy winoro\u015bla. Dodatkowo, dla \u0142atwego zamykania, kaptur wyposa\u017cyli\u015bmy w sznurek ze stoperem. Wszystkie Agrow\u0142\u00f3kniny Agrimpex posiadaj\u0105 stabilizacj\u0119 UV, kt\u00f3ra zwi\u0119ksza ich trwa\u0142o\u015b\u0107. Cechy produktu: chroni przed przymrozkami chroni przed mro\u017anym wiatrem stabilizowana UV przepuszcza powietrze przepuszcza wod\u0119 oszcz\u0119dno\u015b\u0107 czasu \u0142atwa aplikacja Opakowanie zawiera 2 szt.<\/p>\n<p>Poni\u017cej przedstawiamy sprzedawany produkt:<\/p>\n<p><img src=\"https:\/\/noweogrody.pl\/31172-large_default\/kaptur-blyskawiczny-07x110cm-2-szt.jpg\" alt=\"Kaptur b\u0142yskawiczny 0,7x110cm 2 szt\" \/><\/p>\n","protected":false},"excerpt":{"rendered":"<p>Najwygodniejsza metoda ochrony ro \u015blin przed mrozem i wysuszaj\u0105cym zimowym wiatrem. Dzi\u0119ki zastosowaniu dw\u00f3ch warstw Agrow\u0142\u00f3kniny, pomi\u0119dzy kt\u00f3rymi umie\u015bcili\u015bmy komor\u0119 powietrzn\u0105, kaptur daje potr\u00f3jn\u0105 ochron\u0119 ro\u015blinom nieodpornym na dzia\u0142anie zimy, takim jak rododendrony, iglaki, r\u00f3\u017ce czy winoro\u015bla. Dodatkowo, dla \u0142atwego zamykania, kaptur wyposa\u017cyli\u015bmy w sznurek ze stoperem. Wszystkie Agrow\u0142\u00f3kniny Agrimpex posiadaj\u0105 stabilizacj\u0119 UV, kt\u00f3ra zwi\u0119ksza ich trwa\u0142o\u015b\u0107. Cechy produktu: chroni przed przymrozkami chroni przed mro\u017anym wiatrem stabilizowana UV przepuszcza powietrze przepuszcza wod\u0119 oszcz\u0119dno\u015b\u0107 czasu \u0142atwa aplikacja Opakowanie zawiera 2 szt.<\/p>\n","protected":false},"featured_media":96605,"template":"","meta":[],"_links":{"self":[{"href":"https:\/\/profitstore.pl\/index.php\/wp-json\/wp\/v2\/product\/107749"}],"collection":[{"href":"https:\/\/profitstore.pl\/index.php\/wp-json\/wp\/v2\/product"}],"about":[{"href":"https:\/\/profitstore.pl\/index.php\/wp-json\/wp\/v2\/types\/product"}],"wp:featuredmedia":[{"embeddable":true,"href":"https:\/\/profitstore.pl\/index.php\/wp-json\/wp\/v2\/media\/96605"}],"wp:attachment":[{"href":"https:\/\/profitstore.pl\/index.php\/wp-json\/wp\/v2\/media?parent=107749"}],"curies":[{"name":"wp","href":"https:\/\/api.w.org\/{rel}","templated":true}]}}