{"id":107747,"date":"2024-09-23T06:35:01","date_gmt":"2024-09-23T06:35:01","guid":{"rendered":"https:\/\/profitstore.pl\/index.php\/produkt\/agro-kaptur-zimowy-22m-x-24m-1-szt-meg-3\/"},"modified":"2024-09-23T06:35:09","modified_gmt":"2024-09-23T06:35:09","slug":"agro-kaptur-zimowy-22m-x-24m-1-szt-meg-3","status":"publish","type":"product","link":"https:\/\/profitstore.pl\/index.php\/produkt\/agro-kaptur-zimowy-22m-x-24m-1-szt-meg-3\/","title":{"rendered":"Agro- Kaptur zimowy 2,2m x 2,4m 1 szt. MEG"},"content":{"rendered":"<p>Kaptur ochronny z agrow\u0142\u00f3kniny Kolor: bia\u0142y Wymiary: 220 x 240 cm 1 szt. Producent: Megran<\/p>\n<p>Poni\u017cej przedstawiamy sprzedawany produkt:<\/p>\n<p><img src=\"https:\/\/noweogrody.pl\/26025-large_default\/agro-kaptur-zimowy-22m-x-24m-1-szt-meg.jpg\" alt=\"Agro- Kaptur zimowy 2,2m x 2,4m 1 szt. MEG\" \/><\/p>\n","protected":false},"excerpt":{"rendered":"<p>Kaptur ochronny z agrow\u0142\u00f3kniny Kolor: bia\u0142y Wymiary: 220 x 240 cm 1 szt. Producent: Megran<\/p>\n","protected":false},"featured_media":96602,"template":"","meta":[],"_links":{"self":[{"href":"https:\/\/profitstore.pl\/index.php\/wp-json\/wp\/v2\/product\/107747"}],"collection":[{"href":"https:\/\/profitstore.pl\/index.php\/wp-json\/wp\/v2\/product"}],"about":[{"href":"https:\/\/profitstore.pl\/index.php\/wp-json\/wp\/v2\/types\/product"}],"wp:featuredmedia":[{"embeddable":true,"href":"https:\/\/profitstore.pl\/index.php\/wp-json\/wp\/v2\/media\/96602"}],"wp:attachment":[{"href":"https:\/\/profitstore.pl\/index.php\/wp-json\/wp\/v2\/media?parent=107747"}],"curies":[{"name":"wp","href":"https:\/\/api.w.org\/{rel}","templated":true}]}}