{"id":107689,"date":"2024-09-23T06:32:58","date_gmt":"2024-09-23T06:32:58","guid":{"rendered":"https:\/\/profitstore.pl\/index.php\/produkt\/skrzynka-gala-86-grafit-3\/"},"modified":"2024-09-23T06:33:20","modified_gmt":"2024-09-23T06:33:20","slug":"skrzynka-gala-86-grafit-3","status":"publish","type":"product","link":"https:\/\/profitstore.pl\/index.php\/produkt\/skrzynka-gala-86-grafit-3\/","title":{"rendered":"Skrzynka Gala 86 grafit"},"content":{"rendered":"<p>wymiary: &#8211; szeroko\u015b\u0107: 86 cm &#8211; g\u0142\u0119boko\u015b\u0107: 37 cm &#8211; wysoko\u015b\u0107: 33 cm<\/p>\n<p>Poni\u017cej przedstawiamy sprzedawany produkt:<\/p>\n<p><img src=\"https:\/\/noweogrody.pl\/18143-large_default\/skrzynka-gala-86-grafit.jpg\" alt=\"Skrzynka Gala 86 grafit\" \/><\/p>\n","protected":false},"excerpt":{"rendered":"<p>wymiary: &#8211; szeroko\u015b\u0107: 86 cm &#8211; g\u0142\u0119boko\u015b\u0107: 37 cm &#8211; wysoko\u015b\u0107: 33 cm<\/p>\n","protected":false},"featured_media":61396,"template":"","meta":[],"_links":{"self":[{"href":"https:\/\/profitstore.pl\/index.php\/wp-json\/wp\/v2\/product\/107689"}],"collection":[{"href":"https:\/\/profitstore.pl\/index.php\/wp-json\/wp\/v2\/product"}],"about":[{"href":"https:\/\/profitstore.pl\/index.php\/wp-json\/wp\/v2\/types\/product"}],"wp:featuredmedia":[{"embeddable":true,"href":"https:\/\/profitstore.pl\/index.php\/wp-json\/wp\/v2\/media\/61396"}],"wp:attachment":[{"href":"https:\/\/profitstore.pl\/index.php\/wp-json\/wp\/v2\/media?parent=107689"}],"curies":[{"name":"wp","href":"https:\/\/api.w.org\/{rel}","templated":true}]}}