{"id":107564,"date":"2024-09-23T06:29:56","date_gmt":"2024-09-23T06:29:56","guid":{"rendered":"https:\/\/profitstore.pl\/index.php\/produkt\/fng-trawa-gazonowa-5kg-3\/"},"modified":"2024-09-23T06:30:21","modified_gmt":"2024-09-23T06:30:21","slug":"fng-trawa-gazonowa-5kg-3","status":"publish","type":"product","link":"https:\/\/profitstore.pl\/index.php\/produkt\/fng-trawa-gazonowa-5kg-3\/","title":{"rendered":"Fng- trawa gazonowa 5kg"},"content":{"rendered":"<p>Znakomita kompozycja traw na reprezentacyjne tereny zielone i rzadziej u\u017cytkowane trawniki przydomowe. Odznacza si\u0119 g\u0119st\u0105 darni\u0105, intensywnie zielona barw\u0105 oraz du\u017c\u0105 odporno\u015bci\u0105 na wymarzanie, dzi\u0119ki czemu utrzymuje zielony kolor przez ca\u0142y rok. Trawnik gazonowy odznacza si\u0119 wolnym odrostem, wymaga starannej piel\u0119gnacji. Wysoko\u015b\u0107 koszenia 3-4cm.&nbsp; Sk\u0142ad mieszanki Kostrzewa czerwona k\u0119powa Casanova\/Rapsodia 10% Kostrzewa czerwona k\u0119powa Livista\/Dorosa 10% Kostrzewa czerwona roz\u0142ogowa Clemens 10% Kostrzewa czerwona roz\u0142ogowa Rossinante 20% Kostrzewa czerwona roz\u0142ogowa Corail\/Maxima 15% \u017bycica trwa\u0142a Turf Gold\/Eterlou 35% Opakowanie wystarcza na 200 m2. Mieszanka dost\u0119pna w kilku formatach opakowania: &#8211; 0,5kg &#8211; 1kg &#8211; 5kg<\/p>\n<p>Poni\u017cej przedstawiamy sprzedawany produkt:<\/p>\n<p><img src=\"https:\/\/noweogrody.pl\/38857-large_default\/fng-trawa-gazonowa-5kg.jpg\" alt=\"Fng- trawa gazonowa 5kg\" \/><\/p>\n","protected":false},"excerpt":{"rendered":"<p>Znakomita kompozycja traw na reprezentacyjne tereny zielone i rzadziej u\u017cytkowane trawniki przydomowe. Odznacza si\u0119 g\u0119st\u0105 darni\u0105, intensywnie zielona barw\u0105 oraz du\u017c\u0105 odporno\u015bci\u0105 na wymarzanie, dzi\u0119ki czemu utrzymuje zielony kolor przez ca\u0142y rok. Trawnik gazonowy odznacza si\u0119 wolnym odrostem, wymaga starannej piel\u0119gnacji. Wysoko\u015b\u0107 koszenia 3-4cm.&nbsp; Sk\u0142ad mieszanki Kostrzewa czerwona k\u0119powa Casanova\/Rapsodia 10% Kostrzewa czerwona k\u0119powa Livista\/Dorosa 10% Kostrzewa czerwona roz\u0142ogowa Clemens 10% Kostrzewa czerwona roz\u0142ogowa Rossinante 20% Kostrzewa czerwona roz\u0142ogowa Corail\/Maxima 15% \u017bycica trwa\u0142a Turf Gold\/Eterlou 35% Opakowanie wystarcza na 200 m2. Mieszanka dost\u0119pna w kilku formatach opakowania: &#8211; 0,5kg &#8211; 1kg &#8211; 5kg<\/p>\n","protected":false},"featured_media":115047,"template":"","meta":[],"_links":{"self":[{"href":"https:\/\/profitstore.pl\/index.php\/wp-json\/wp\/v2\/product\/107564"}],"collection":[{"href":"https:\/\/profitstore.pl\/index.php\/wp-json\/wp\/v2\/product"}],"about":[{"href":"https:\/\/profitstore.pl\/index.php\/wp-json\/wp\/v2\/types\/product"}],"wp:featuredmedia":[{"embeddable":true,"href":"https:\/\/profitstore.pl\/index.php\/wp-json\/wp\/v2\/media\/115047"}],"wp:attachment":[{"href":"https:\/\/profitstore.pl\/index.php\/wp-json\/wp\/v2\/media?parent=107564"}],"curies":[{"name":"wp","href":"https:\/\/api.w.org\/{rel}","templated":true}]}}