{"id":107554,"date":"2024-09-23T06:29:56","date_gmt":"2024-09-23T06:29:56","guid":{"rendered":"https:\/\/profitstore.pl\/index.php\/produkt\/substral-trawa-samo-zageszcz-renowacyjna-1kg-3\/"},"modified":"2024-09-23T06:30:06","modified_gmt":"2024-09-23T06:30:06","slug":"substral-trawa-samo-zageszcz-renowacyjna-1kg-3","status":"publish","type":"product","link":"https:\/\/profitstore.pl\/index.php\/produkt\/substral-trawa-samo-zageszcz-renowacyjna-1kg-3\/","title":{"rendered":"Substral Trawa samo zag\u0119szcz. renowacyjna 1kg"},"content":{"rendered":"<p>Co wyr\u00f3\u017cnia nasiona trawy samo zag\u0119szczaj\u0105cej Renowacyjnej Substral? Czym intensywniej u\u017cytkujemy (ugniatamy trawnik) tym szybciej si\u0119 rozkrzewia. Kie\u0142kuje szybko i w niskich temperaturach (znacznie szybciej w ni\u017cszych temperaturach ni\u017c wi\u0119kszo\u015b\u0107 odmian). Tworzy g\u0119st\u0105 dar\u0144 o intensywnym kolorze zielonym. Znacznie odporniejsza na wymarzanie i choroby grzybowe. Wysokiej jako\u015bci rodzaj trawy stosowany na murawach profesjonalnych boisk czy p\u00f3l golfowych. Jaki jest sk\u0142ad Trawy Samo Zag\u0119szczaj\u0105ca Renowacyjnej Substral? Specjalne odmiany nasion \u017cycicy trwa\u0142ej, kostrzewy czerwonej \u2013 roz\u0142ogowej, wiechliny \u0142\u0105kowej. Opakowanie&nbsp; 1 kg &nbsp;wystarczy na za\u0142o\u017cenie do&nbsp; 50 m 2 &nbsp;i zag\u0119szczenie do&nbsp; 100 m 2 &nbsp;trawnika. Opakowanie&nbsp; 3 kg &nbsp;wystarczy na za\u0142o\u017cenie do&nbsp; 150 m 2 &nbsp;i zag\u0119szczenie do&nbsp; 300 m 2 &nbsp;trawnika. Unikalna na rynku&nbsp; Trawa Samo Zag\u0119szczaj\u0105ca &nbsp;przez k\u0142\u0105cza. Rozrasta si\u0119 przez k\u0142\u0105cza na boki, tworz\u0105c g\u0119sty trawnik na lata. Jak dzia\u0142a Trawa Samo Zag\u0119szczaj\u0105ca? W przypadku zwyk\u0142ej trawy zasada dzia\u0142ania jest prosta &#8211; z jednego wysianego ziarna wyrasta jedna ro\u015blina &#8211; k\u0119pa. Dalej nast\u0119puj\u0119 jej wzrost, k\u0119pa si\u0119 zag\u0119szcza i to koniec procesu. To w uproszczeniu, bo nale\u017cy pami\u0119ta\u0107, \u017ce nie wszystkie ziarna kie\u0142kuj\u0105. To kwestia wielu czynnik\u00f3w miedzy innymi: jako\u015bci ziaren, warunk\u00f3w pogodowych, odpowiedniej piel\u0119gnacji, podlewania. W efekcie pomimo g\u0119stego wysiania, wygl\u0105d trawnika mo\u017ce by\u0107 daleki od oczekiwa\u0144. W przeciwie\u0144stwie do zwyk\u0142ych traw,&nbsp; trawa Samo Zag\u0119szczaj\u0105ca &nbsp;ro\u015bnie inaczej. Z jednego wysianego ziarna wyrasta jedna ro\u015blina \u2013 k\u0119pa. Dalej nast\u0119puj\u0119 jej wzrost, k\u0119pa si\u0119 zag\u0119szcza. Ale to nie koniec procesu \ud83d\ude42 !. R\u00f3wnocze\u015bnie bowiem k\u0119pa trawy wypuszcza poziomo w bok k\u0142\u0105cza (roz\u0142ogi), z kt\u00f3rych wyrastaj\u0105 kolejne ma\u0142e k\u0119pki trawy. Ten proces mo\u017cna przyr\u00f3wna\u0107 do ci\u0105gle rozrastaj\u0105cej si\u0119 naturalnej, trawiastej sieci p\u0119d\u00f3w, z kt\u00f3rych wyrastaj\u0105c coraz to nowe ro\u015bliny &#8211; k\u0119py traw. B\u0119dzie on trwa\u0142 dop\u00f3ki nie zostanie zadarniona ka\u017cda wolna powierzchnia, a przypadku dziur, uszkodze\u0144 czy ubytk\u00f3w na trawniku, dop\u00f3ki nie nast\u0105pi samo regeneracja, czyli wype\u0142nienie pustego miejsca now\u0105 traw\u0105. Tak w skr\u00f3cie nast\u0119puje samo zag\u0119szczanie i samo regenerowanie si\u0119 trawnika. Ten rodzaj trawy (\u017cycica roz\u0142ogowa &#8211; RPR) do tej pory stosowany by\u0142 na profesjonalnych boiskach pi\u0142karskich, czy polach golfowych. Zwyk\u0142a trawa: zbi\u00f3r pojedynczych, osobnych k\u0119p trawy. Trawa Samo Zag\u0119szczaj\u0105ca: g\u0119sta sie\u0107 po\u0142\u0105czonych ze sob\u0105 k\u0142\u0105czami k\u0119p traw, nieustannie si\u0119 rozwijaj\u0105ca. Zalety Trawa Samo Zag\u0119szczaj\u0105ca? SAMO zag\u0119szczanie przez k\u0142\u0105cza Tworzy zwart\u0105, naturaln\u0105 sie\u0107 samodzielnie rozrastaj\u0105cych si\u0119 na boki k\u0142\u0105czy z kt\u00f3rych wyrastaj\u0105 nowe k\u0119py trawy. W dalszym etapie ka\u017cda nowo powsta\u0142a k\u0119pa dalej wypuszcza w bok k\u0142\u0105cza i nast\u0119puje wzrost kolejnych k\u0119p. W ten spos\u00f3b nast\u0119puje proces samo zag\u0119szczania. Dzi\u0119ki temu trawa szybko zadarnia wolne powierzchnie i ubytki, a w rezultacie intensywnego i bujnego wzrostu otrzymujemy g\u0119sty trawnik na lata. Wysoka odporno\u015b\u0107 i samo regeneracja Po\u0142\u0105czone k\u0142\u0105cza tworz\u0105 g\u0119st\u0105 sie\u0107 scalaj\u0105c\u0105 mocno dar\u0144. W po\u0142\u0105czeniu z szybkim wzrostem i ukorzenianiem si\u0119 trawy zapewnia to wysok\u0105 odporno\u015b\u0107 na intensywne deptanie i u\u017cytkowanie. Co wi\u0119cej, przerwanie k\u0142\u0105czy czy uszkodzenie k\u0119py stymuluje traw\u0119 do rozkrzewiania i samo regeneracji. Ten rodzaj trawy stosowany jest na murawach profesjonalnych boisk pi\u0142karskich czy polach golfowych. D\u0142ugotrwa\u0142y efekt Szybki i intensywny wzrost powoduje ci\u0105g\u0142e odm\u0142adzanie si\u0119 trawnika, sprawia, \u017ce wygl\u0105da on \u015bwie\u017co przez lata, a nie tylko jeden sezon. Nisko po\u0142o\u017cone mi\u0119dzyw\u0119\u017ala (na wysoko\u015bci 2-3 cm), powoduj\u0105, \u017ce mo\u017ce by\u0107 koszona ni\u017cej, ni\u017c wi\u0119kszo\u015b\u0107 popularnych na rynku gatunk\u00f3w. W przypadku uszkodzenia k\u0119py (susza, koszenie) wolne miejsce zostanie wype\u0142nione przez now\u0105 k\u0119p\u0119 trawy z rozrastaj\u0105cych si\u0119 na boki k\u0142\u0105czy (samo regeneracja). Jest ona r\u00f3wnie\u017c bardziej odporna na przemarzanie, dzi\u0119ki czemu lepiej przetrwa zim\u0119. Te unikalne cechy wp\u0142ywaj\u0105 na d\u0142ugotrwa\u0142y efekt &#8211; g\u0119sty trawnik na lata. Naturalna bariera dla chwast\u00f3w Dzi\u0119ki szybkiemu wzrostowi oraz procesowi samo zag\u0119szczania przez k\u0142\u0105cza, tworzy trawnik o g\u0119stej, zwartej darni. W ten naturalny spos\u00f3b ogranicza wyst\u0119powanie chwast\u00f3w, czy mchu, kt\u00f3re nie maj\u0105 ju\u017c miejsca na rozw\u00f3j. Poza kwesti\u0105 estetyczn\u0105, mniej chwast\u00f3w i mchu, to mniejsza konieczno\u015b\u0107 stosowania specjalnych nawoz\u00f3w, czy \u015brodk\u00f3w ochrony ro\u015blin. Wcze\u015bniejsze rezultaty W por\u00f3wnaniu do wi\u0119kszo\u015bci dost\u0119pnych na rynku traw, ten rodzaj trawy kie\u0142kuje w temperaturach o 2-4 o C ni\u017cszych oraz wschodzi znacznie szybciej &#8211; bo ju\u017c po 7 dniach (wi\u0119kszo\u015b\u0107 traw przeci\u0119tnie po 14 dniach). Jej wysiewu mo\u017cna wi\u0119c dokona\u0107 wcze\u015bniej i w mniej sprzyjaj\u0105cych warunkach pogodowych. Takie cechy jak szybkie zadarnianie i w ni\u017cszych temperaturach sprawiaj\u0105, \u017ce znacznie wcze\u015bniej mo\u017cemy cieszy\u0107 si\u0119 rezultatem w postaci pi\u0119knego trawnika. Trawa SAMO zag\u0119szczaj\u0105ca trafi\u0142a na zwyk\u0142e trawniki z profesjonalnych boisk pi\u0142k &#8230;<\/p>\n<p>Poni\u017cej przedstawiamy sprzedawany produkt:<\/p>\n<p><img src=\"https:\/\/noweogrody.pl\/40580-large_default\/substral-trawa-samo-zageszcz-renowacyjna-1kg.jpg\" alt=\"Substral Trawa samo zag\u0119szcz. renowacyjna 1kg\" \/><\/p>\n","protected":false},"excerpt":{"rendered":"<p>Co wyr\u00f3\u017cnia nasiona trawy samo zag\u0119szczaj\u0105cej Renowacyjnej Substral? Czym intensywniej u\u017cytkujemy (ugniatamy trawnik) tym szybciej si\u0119 rozkrzewia. Kie\u0142kuje szybko i w niskich temperaturach (znacznie szybciej w ni\u017cszych temperaturach ni\u017c wi\u0119kszo\u015b\u0107 odmian). Tworzy g\u0119st\u0105 dar\u0144 o intensywnym kolorze zielonym. Znacznie odporniejsza na wymarzanie i choroby grzybowe. Wysokiej jako\u015bci rodzaj trawy stosowany na murawach profesjonalnych boisk czy p\u00f3l golfowych. Jaki jest sk\u0142ad Trawy Samo Zag\u0119szczaj\u0105ca Renowacyjnej Substral? Specjalne odmiany nasion \u017cycicy trwa\u0142ej, kostrzewy czerwonej \u2013 roz\u0142ogowej, wiechliny \u0142\u0105kowej. Opakowanie&nbsp; 1 kg &nbsp;wystarczy na za\u0142o\u017cenie do&nbsp; 50 m 2 &nbsp;i zag\u0119szczenie do&nbsp; 100 m 2 &nbsp;trawnika. Opakowanie&nbsp; 3 kg &nbsp;wystarczy na za\u0142o\u017cenie do&nbsp; 150 m 2 &nbsp;i zag\u0119szczenie do&nbsp; 300 m 2 &nbsp;trawnika. Unikalna na rynku&nbsp; Trawa Samo Zag\u0119szczaj\u0105ca &nbsp;przez k\u0142\u0105cza. Rozrasta si\u0119 przez k\u0142\u0105cza na boki, tworz\u0105c g\u0119sty trawnik na lata. Jak dzia\u0142a Trawa Samo Zag\u0119szczaj\u0105ca? W przypadku zwyk\u0142ej trawy zasada dzia\u0142ania jest prosta &#8211; z jednego wysianego ziarna wyrasta jedna ro\u015blina &#8211; k\u0119pa. Dalej nast\u0119puj\u0119 jej wzrost, k\u0119pa si\u0119 zag\u0119szcza i to koniec procesu. To w uproszczeniu, bo nale\u017cy pami\u0119ta\u0107, \u017ce nie wszystkie ziarna kie\u0142kuj\u0105. To kwestia wielu czynnik\u00f3w miedzy innymi: jako\u015bci ziaren, warunk\u00f3w pogodowych, odpowiedniej piel\u0119gnacji, podlewania. W efekcie pomimo g\u0119stego wysiania, wygl\u0105d trawnika mo\u017ce by\u0107 daleki od oczekiwa\u0144. W przeciwie\u0144stwie do zwyk\u0142ych traw,&nbsp; trawa Samo Zag\u0119szczaj\u0105ca &nbsp;ro\u015bnie inaczej. Z jednego wysianego ziarna wyrasta jedna ro\u015blina \u2013 k\u0119pa. Dalej nast\u0119puj\u0119 jej wzrost, k\u0119pa si\u0119 zag\u0119szcza. Ale to nie koniec procesu \ud83d\ude42 !. R\u00f3wnocze\u015bnie bowiem k\u0119pa trawy wypuszcza poziomo w bok k\u0142\u0105cza (roz\u0142ogi), z kt\u00f3rych wyrastaj\u0105 kolejne ma\u0142e k\u0119pki trawy. Ten proces mo\u017cna przyr\u00f3wna\u0107 do ci\u0105gle rozrastaj\u0105cej si\u0119 naturalnej, trawiastej sieci p\u0119d\u00f3w, z kt\u00f3rych wyrastaj\u0105c coraz to nowe ro\u015bliny &#8211; k\u0119py traw. B\u0119dzie on trwa\u0142 dop\u00f3ki nie zostanie zadarniona ka\u017cda wolna powierzchnia, a przypadku dziur, uszkodze\u0144 czy ubytk\u00f3w na trawniku, dop\u00f3ki nie nast\u0105pi samo regeneracja, czyli wype\u0142nienie pustego miejsca now\u0105 traw\u0105. Tak w skr\u00f3cie nast\u0119puje samo zag\u0119szczanie i samo regenerowanie si\u0119 trawnika. Ten rodzaj trawy (\u017cycica roz\u0142ogowa &#8211; RPR) do tej pory stosowany by\u0142 na profesjonalnych boiskach pi\u0142karskich, czy polach golfowych. Zwyk\u0142a trawa: zbi\u00f3r pojedynczych, osobnych k\u0119p trawy. Trawa Samo Zag\u0119szczaj\u0105ca: g\u0119sta sie\u0107 po\u0142\u0105czonych ze sob\u0105 k\u0142\u0105czami k\u0119p traw, nieustannie si\u0119 rozwijaj\u0105ca. Zalety Trawa Samo Zag\u0119szczaj\u0105ca? SAMO zag\u0119szczanie przez k\u0142\u0105cza Tworzy zwart\u0105, naturaln\u0105 sie\u0107 samodzielnie rozrastaj\u0105cych si\u0119 na boki k\u0142\u0105czy z kt\u00f3rych wyrastaj\u0105 nowe k\u0119py trawy. W dalszym etapie ka\u017cda nowo powsta\u0142a k\u0119pa dalej wypuszcza w bok k\u0142\u0105cza i nast\u0119puje wzrost kolejnych k\u0119p. W ten spos\u00f3b nast\u0119puje proces samo zag\u0119szczania. Dzi\u0119ki temu trawa szybko zadarnia wolne powierzchnie i ubytki, a w rezultacie intensywnego i bujnego wzrostu otrzymujemy g\u0119sty trawnik na lata. Wysoka odporno\u015b\u0107 i samo regeneracja Po\u0142\u0105czone k\u0142\u0105cza tworz\u0105 g\u0119st\u0105 sie\u0107 scalaj\u0105c\u0105 mocno dar\u0144. W po\u0142\u0105czeniu z szybkim wzrostem i ukorzenianiem si\u0119 trawy zapewnia to wysok\u0105 odporno\u015b\u0107 na intensywne deptanie i u\u017cytkowanie. Co wi\u0119cej, przerwanie k\u0142\u0105czy czy uszkodzenie k\u0119py stymuluje traw\u0119 do rozkrzewiania i samo regeneracji. Ten rodzaj trawy stosowany jest na murawach profesjonalnych boisk pi\u0142karskich czy polach golfowych. D\u0142ugotrwa\u0142y efekt Szybki i intensywny wzrost powoduje ci\u0105g\u0142e odm\u0142adzanie si\u0119 trawnika, sprawia, \u017ce wygl\u0105da on \u015bwie\u017co przez lata, a nie tylko jeden sezon. Nisko po\u0142o\u017cone mi\u0119dzyw\u0119\u017ala (na wysoko\u015bci 2-3 cm), powoduj\u0105, \u017ce mo\u017ce by\u0107 koszona ni\u017cej, ni\u017c wi\u0119kszo\u015b\u0107 popularnych na rynku gatunk\u00f3w. W przypadku uszkodzenia k\u0119py (susza, koszenie) wolne miejsce zostanie wype\u0142nione przez now\u0105 k\u0119p\u0119 trawy z rozrastaj\u0105cych si\u0119 na boki k\u0142\u0105czy (samo regeneracja). Jest ona r\u00f3wnie\u017c bardziej odporna na przemarzanie, dzi\u0119ki czemu lepiej przetrwa zim\u0119. Te unikalne cechy wp\u0142ywaj\u0105 na d\u0142ugotrwa\u0142y efekt &#8211; g\u0119sty trawnik na lata. Naturalna bariera dla chwast\u00f3w Dzi\u0119ki szybkiemu wzrostowi oraz procesowi samo zag\u0119szczania przez k\u0142\u0105cza, tworzy trawnik o g\u0119stej, zwartej darni. W ten naturalny spos\u00f3b ogranicza wyst\u0119powanie chwast\u00f3w, czy mchu, kt\u00f3re nie maj\u0105 ju\u017c miejsca na rozw\u00f3j. Poza kwesti\u0105 estetyczn\u0105, mniej chwast\u00f3w i mchu, to mniejsza konieczno\u015b\u0107 stosowania specjalnych nawoz\u00f3w, czy \u015brodk\u00f3w ochrony ro\u015blin. Wcze\u015bniejsze rezultaty W por\u00f3wnaniu do wi\u0119kszo\u015bci dost\u0119pnych na rynku traw, ten rodzaj trawy kie\u0142kuje w temperaturach o 2-4 o C ni\u017cszych oraz wschodzi znacznie szybciej &#8211; bo ju\u017c po 7 dniach (wi\u0119kszo\u015b\u0107 traw przeci\u0119tnie po 14 dniach). Jej wysiewu mo\u017cna wi\u0119c dokona\u0107 wcze\u015bniej i w mniej sprzyjaj\u0105cych warunkach pogodowych. Takie cechy jak szybkie zadarnianie i w ni\u017cszych temperaturach sprawiaj\u0105, \u017ce znacznie wcze\u015bniej mo\u017cemy cieszy\u0107 si\u0119 rezultatem w postaci pi\u0119knego trawnika. Trawa SAMO zag\u0119szczaj\u0105ca trafi\u0142a na zwyk\u0142e trawniki z profesjonalnych boisk pi\u0142k &#8230;<\/p>\n","protected":false},"featured_media":115042,"template":"","meta":[],"_links":{"self":[{"href":"https:\/\/profitstore.pl\/index.php\/wp-json\/wp\/v2\/product\/107554"}],"collection":[{"href":"https:\/\/profitstore.pl\/index.php\/wp-json\/wp\/v2\/product"}],"about":[{"href":"https:\/\/profitstore.pl\/index.php\/wp-json\/wp\/v2\/types\/product"}],"wp:featuredmedia":[{"embeddable":true,"href":"https:\/\/profitstore.pl\/index.php\/wp-json\/wp\/v2\/media\/115042"}],"wp:attachment":[{"href":"https:\/\/profitstore.pl\/index.php\/wp-json\/wp\/v2\/media?parent=107554"}],"curies":[{"name":"wp","href":"https:\/\/api.w.org\/{rel}","templated":true}]}}