{"id":107552,"date":"2024-09-23T06:29:56","date_gmt":"2024-09-23T06:29:56","guid":{"rendered":"https:\/\/profitstore.pl\/index.php\/produkt\/substral-trawa-samo-zageszcz-250g-dosiewka-3\/"},"modified":"2024-09-23T06:30:00","modified_gmt":"2024-09-23T06:30:00","slug":"substral-trawa-samo-zageszcz-250g-dosiewka-3","status":"publish","type":"product","link":"https:\/\/profitstore.pl\/index.php\/produkt\/substral-trawa-samo-zageszcz-250g-dosiewka-3\/","title":{"rendered":"Substral Trawa samo zag\u0119szcz. 250g dosiewka"},"content":{"rendered":"<p>Nasiona trawy samozag\u0119szczaj\u0105cej do dosiewki trawnika. Renowacja i regeneracja trawnika (mniejsze powierzchnie), w szczeg\u00f3lno\u015bci: ubytki na trawniku, zag\u0119szczanie ubytk\u00f3w i dziur w trawniku, dosiewki na trawniku.&nbsp; Wysoki komfort \u201esiejesz raz i zapominasz\u201d. Korzy\u015bci: Szybko zadarnia wolne powierzchnie \u2013 samozag\u0119szczaj\u0105ca i samoregeneruj\u0105ca. Wysoce odporna na deptanie i intensywne u\u017cytkowanie. Czym intensywniej u\u017cytkujemy (ugniatamy trawnik) tym szybciej si\u0119 rozkrzewia. Kie\u0142kuje szybko i w niskich temperaturach (znacznie szybciej w ni\u017cszych temperaturach ni\u017c wi\u0119kszo\u015b\u0107 odmian). Tworzy g\u0119st\u0105 dar\u0144 o intensywnym kolorze zielonym. Znacznie odporniejsza na wymarzanie i choroby grzybowe. Wysokiej jako\u015bci rodzaj trawy stosowany na murawach profesjonalnych boisk czy p\u00f3l golfowych.<\/p>\n<p>Poni\u017cej przedstawiamy sprzedawany produkt:<\/p>\n<p><img src=\"https:\/\/noweogrody.pl\/40737-large_default\/substral-trawa-samo-zageszcz-250g-dosiewka.jpg\" alt=\"Substral Trawa samo zag\u0119szcz. 250g dosiewka\" \/><\/p>\n","protected":false},"excerpt":{"rendered":"<p>Nasiona trawy samozag\u0119szczaj\u0105cej do dosiewki trawnika. Renowacja i regeneracja trawnika (mniejsze powierzchnie), w szczeg\u00f3lno\u015bci: ubytki na trawniku, zag\u0119szczanie ubytk\u00f3w i dziur w trawniku, dosiewki na trawniku.&nbsp; Wysoki komfort \u201esiejesz raz i zapominasz\u201d. Korzy\u015bci: Szybko zadarnia wolne powierzchnie \u2013 samozag\u0119szczaj\u0105ca i samoregeneruj\u0105ca. Wysoce odporna na deptanie i intensywne u\u017cytkowanie. Czym intensywniej u\u017cytkujemy (ugniatamy trawnik) tym szybciej si\u0119 rozkrzewia. Kie\u0142kuje szybko i w niskich temperaturach (znacznie szybciej w ni\u017cszych temperaturach ni\u017c wi\u0119kszo\u015b\u0107 odmian). Tworzy g\u0119st\u0105 dar\u0144 o intensywnym kolorze zielonym. Znacznie odporniejsza na wymarzanie i choroby grzybowe. Wysokiej jako\u015bci rodzaj trawy stosowany na murawach profesjonalnych boisk czy p\u00f3l golfowych.<\/p>\n","protected":false},"featured_media":115041,"template":"","meta":[],"_links":{"self":[{"href":"https:\/\/profitstore.pl\/index.php\/wp-json\/wp\/v2\/product\/107552"}],"collection":[{"href":"https:\/\/profitstore.pl\/index.php\/wp-json\/wp\/v2\/product"}],"about":[{"href":"https:\/\/profitstore.pl\/index.php\/wp-json\/wp\/v2\/types\/product"}],"wp:featuredmedia":[{"embeddable":true,"href":"https:\/\/profitstore.pl\/index.php\/wp-json\/wp\/v2\/media\/115041"}],"wp:attachment":[{"href":"https:\/\/profitstore.pl\/index.php\/wp-json\/wp\/v2\/media?parent=107552"}],"curies":[{"name":"wp","href":"https:\/\/api.w.org\/{rel}","templated":true}]}}