{"id":107547,"date":"2024-09-23T06:29:32","date_gmt":"2024-09-23T06:29:32","guid":{"rendered":"https:\/\/profitstore.pl\/index.php\/produkt\/fng-trawa-boiskowa-bis-1kg-3\/"},"modified":"2024-09-23T06:29:54","modified_gmt":"2024-09-23T06:29:54","slug":"fng-trawa-boiskowa-bis-1kg-3","status":"publish","type":"product","link":"https:\/\/profitstore.pl\/index.php\/produkt\/fng-trawa-boiskowa-bis-1kg-3\/","title":{"rendered":"Fng- trawa boiskowa bis 1kg"},"content":{"rendered":"<p>Charakterystyczn\u0105 cech\u0105 mieszanki BOISKOWEJ BIS jest zastosowanie w jej sk\u0142adzie kostrzewy trzcinowej. Gatunek ten odznacza si\u0119 du\u017c\u0105 tolerancj\u0105 na niekorzystne warunki glebowe, odporno\u015bci\u0105 na susz\u0119 oraz wysok\u0105 mrozoodporno\u015bci\u0105. Kostrzewa trzcinowa posiada silny i g\u0142\u0119boki system korzeniowy, co wyr\u00f3\u017cnia j\u0105 spo\u015br\u00f3d innych traw. W po\u0142\u0105czeniu z pozosta\u0142ymi sk\u0142adnikami mieszanki tworzy siln\u0105, zwart\u0105 ciemnozielon\u0105 dar\u0144. Z powodzeniem mo\u017ce by\u0107 u\u017cyta do obsiewu boisk, plac\u00f3w zabaw, trawnik\u00f3w nara\u017conych na uszkodzenia mechaniczne. &nbsp;Wymagania piel\u0119gnacyjne \u015brednie. Wysoko\u015b\u0107 koszenia 4-5cm.<\/p>\n<p>Poni\u017cej przedstawiamy sprzedawany produkt:<\/p>\n<p><img src=\"https:\/\/noweogrody.pl\/39427-large_default\/fng-trawa-boiskowa-bis-1kg.jpg\" alt=\"Fng- trawa boiskowa bis 1kg\" \/><\/p>\n","protected":false},"excerpt":{"rendered":"<p>Charakterystyczn\u0105 cech\u0105 mieszanki BOISKOWEJ BIS jest zastosowanie w jej sk\u0142adzie kostrzewy trzcinowej. Gatunek ten odznacza si\u0119 du\u017c\u0105 tolerancj\u0105 na niekorzystne warunki glebowe, odporno\u015bci\u0105 na susz\u0119 oraz wysok\u0105 mrozoodporno\u015bci\u0105. Kostrzewa trzcinowa posiada silny i g\u0142\u0119boki system korzeniowy, co wyr\u00f3\u017cnia j\u0105 spo\u015br\u00f3d innych traw. W po\u0142\u0105czeniu z pozosta\u0142ymi sk\u0142adnikami mieszanki tworzy siln\u0105, zwart\u0105 ciemnozielon\u0105 dar\u0144. Z powodzeniem mo\u017ce by\u0107 u\u017cyta do obsiewu boisk, plac\u00f3w zabaw, trawnik\u00f3w nara\u017conych na uszkodzenia mechaniczne. &nbsp;Wymagania piel\u0119gnacyjne \u015brednie. Wysoko\u015b\u0107 koszenia 4-5cm.<\/p>\n","protected":false},"featured_media":115039,"template":"","meta":[],"_links":{"self":[{"href":"https:\/\/profitstore.pl\/index.php\/wp-json\/wp\/v2\/product\/107547"}],"collection":[{"href":"https:\/\/profitstore.pl\/index.php\/wp-json\/wp\/v2\/product"}],"about":[{"href":"https:\/\/profitstore.pl\/index.php\/wp-json\/wp\/v2\/types\/product"}],"wp:featuredmedia":[{"embeddable":true,"href":"https:\/\/profitstore.pl\/index.php\/wp-json\/wp\/v2\/media\/115039"}],"wp:attachment":[{"href":"https:\/\/profitstore.pl\/index.php\/wp-json\/wp\/v2\/media?parent=107547"}],"curies":[{"name":"wp","href":"https:\/\/api.w.org\/{rel}","templated":true}]}}