{"id":107539,"date":"2024-09-23T06:29:32","date_gmt":"2024-09-23T06:29:32","guid":{"rendered":"https:\/\/profitstore.pl\/index.php\/produkt\/fng-trawa-renowacyjna-1kg-3\/"},"modified":"2024-09-23T06:29:44","modified_gmt":"2024-09-23T06:29:44","slug":"fng-trawa-renowacyjna-1kg-3","status":"publish","type":"product","link":"https:\/\/profitstore.pl\/index.php\/produkt\/fng-trawa-renowacyjna-1kg-3\/","title":{"rendered":"Fng- trawa renowacyjna 1kg"},"content":{"rendered":"<p>Prezentowana mieszanka traw gazonowych jest stworzona z my\u015bl\u0105 o regeneracji zniszczonych lub wyschni\u0119tych cz\u0119\u015bci trawnik\u00f3w. Zastosowane w mieszance szybko rosn\u0105ce gatunki zwi\u0119kszaj\u0105 tempo zadarniania odnawianego trawnika. Z mieszanki Renowacyjna mo\u017cna r\u00f3wnie\u017c zak\u0142ada\u0107 nowy trawnik, kt\u00f3ry charakteryzuje si\u0119 szybkim odrostem, ciemnozielon\u0105 barw\u0105 oraz jednorodn\u0105 struktur\u0105. Nie nadaje si\u0119 do renowacji trawnik\u00f3w ozdobnych obsianych uprzednio mieszank\u0105 ELEGANT lub GAZONOWA. &nbsp; Mieszanka dost\u0119pna w opakowaniach: &nbsp; Torba foliowa &nbsp; 1 kg ,<\/p>\n<p>Poni\u017cej przedstawiamy sprzedawany produkt:<\/p>\n<p><img src=\"https:\/\/noweogrody.pl\/39419-large_default\/fng-trawa-renowacyjna-1kg.jpg\" alt=\"Fng- trawa renowacyjna 1kg\" \/><\/p>\n","protected":false},"excerpt":{"rendered":"<p>Prezentowana mieszanka traw gazonowych jest stworzona z my\u015bl\u0105 o regeneracji zniszczonych lub wyschni\u0119tych cz\u0119\u015bci trawnik\u00f3w. Zastosowane w mieszance szybko rosn\u0105ce gatunki zwi\u0119kszaj\u0105 tempo zadarniania odnawianego trawnika. Z mieszanki Renowacyjna mo\u017cna r\u00f3wnie\u017c zak\u0142ada\u0107 nowy trawnik, kt\u00f3ry charakteryzuje si\u0119 szybkim odrostem, ciemnozielon\u0105 barw\u0105 oraz jednorodn\u0105 struktur\u0105. Nie nadaje si\u0119 do renowacji trawnik\u00f3w ozdobnych obsianych uprzednio mieszank\u0105 ELEGANT lub GAZONOWA. &nbsp; Mieszanka dost\u0119pna w opakowaniach: &nbsp; Torba foliowa &nbsp; 1 kg ,<\/p>\n","protected":false},"featured_media":115035,"template":"","meta":[],"_links":{"self":[{"href":"https:\/\/profitstore.pl\/index.php\/wp-json\/wp\/v2\/product\/107539"}],"collection":[{"href":"https:\/\/profitstore.pl\/index.php\/wp-json\/wp\/v2\/product"}],"about":[{"href":"https:\/\/profitstore.pl\/index.php\/wp-json\/wp\/v2\/types\/product"}],"wp:featuredmedia":[{"embeddable":true,"href":"https:\/\/profitstore.pl\/index.php\/wp-json\/wp\/v2\/media\/115035"}],"wp:attachment":[{"href":"https:\/\/profitstore.pl\/index.php\/wp-json\/wp\/v2\/media?parent=107539"}],"curies":[{"name":"wp","href":"https:\/\/api.w.org\/{rel}","templated":true}]}}