{"id":107531,"date":"2024-09-23T06:29:32","date_gmt":"2024-09-23T06:29:32","guid":{"rendered":"https:\/\/profitstore.pl\/index.php\/produkt\/fng-trawa-uniwersalna-1kg-3\/"},"modified":"2024-09-23T06:29:37","modified_gmt":"2024-09-23T06:29:37","slug":"fng-trawa-uniwersalna-1kg-3","status":"publish","type":"product","link":"https:\/\/profitstore.pl\/index.php\/produkt\/fng-trawa-uniwersalna-1kg-3\/","title":{"rendered":"Fng- trawa uniwersalna 1kg"},"content":{"rendered":"<p>Mieszanka traw UNIWERSALNA, to produkt o wszechstronnym zastosowaniu. W jej sk\u0142ad wchodz\u0105 podstawowe gatunk\u00f3w traw. Charakteryzuje si\u0119 szybkimi wschodami i dobrym zadarnianiem. Z mieszanki tej uzyskujemy szybko rozwijaj\u0105cy si\u0119 trawnik o zadowalaj\u0105cej estetyce. Wysoko\u015b\u0107 koszenia si\u0119ga od 5 do 7cm. Sk\u0142ad mieszanki Kostrzewa czerwona roz\u0142ogowa Areta\/Reda 10% Kostrzewa czerwona roz\u0142ogowa Livision\/Maxima 10% \u017bycica trwa\u0142a Naki 15% \u017bycica trwa\u0142a Temprano 30% \u017bycica trwa\u0142a Nui 20% \u017bycica westerwoldzka Mowestra 15% &nbsp; Opakowanie wystarcza na 40 m2. Mieszanka dost\u0119pna w opakowaniach: &#8211; 0,45kg &#8211; 1kg &#8211; 5kg &#8211; 15kg<\/p>\n<p>Poni\u017cej przedstawiamy sprzedawany produkt:<\/p>\n<p><img src=\"https:\/\/noweogrody.pl\/38190-large_default\/fng-trawa-uniwersalna-1kg.jpg\" alt=\"Fng- trawa uniwersalna 1kg\" \/><\/p>\n","protected":false},"excerpt":{"rendered":"<p>Mieszanka traw UNIWERSALNA, to produkt o wszechstronnym zastosowaniu. W jej sk\u0142ad wchodz\u0105 podstawowe gatunk\u00f3w traw. Charakteryzuje si\u0119 szybkimi wschodami i dobrym zadarnianiem. Z mieszanki tej uzyskujemy szybko rozwijaj\u0105cy si\u0119 trawnik o zadowalaj\u0105cej estetyce. Wysoko\u015b\u0107 koszenia si\u0119ga od 5 do 7cm. Sk\u0142ad mieszanki Kostrzewa czerwona roz\u0142ogowa Areta\/Reda 10% Kostrzewa czerwona roz\u0142ogowa Livision\/Maxima 10% \u017bycica trwa\u0142a Naki 15% \u017bycica trwa\u0142a Temprano 30% \u017bycica trwa\u0142a Nui 20% \u017bycica westerwoldzka Mowestra 15% &nbsp; Opakowanie wystarcza na 40 m2. Mieszanka dost\u0119pna w opakowaniach: &#8211; 0,45kg &#8211; 1kg &#8211; 5kg &#8211; 15kg<\/p>\n","protected":false},"featured_media":115032,"template":"","meta":[],"_links":{"self":[{"href":"https:\/\/profitstore.pl\/index.php\/wp-json\/wp\/v2\/product\/107531"}],"collection":[{"href":"https:\/\/profitstore.pl\/index.php\/wp-json\/wp\/v2\/product"}],"about":[{"href":"https:\/\/profitstore.pl\/index.php\/wp-json\/wp\/v2\/types\/product"}],"wp:featuredmedia":[{"embeddable":true,"href":"https:\/\/profitstore.pl\/index.php\/wp-json\/wp\/v2\/media\/115032"}],"wp:attachment":[{"href":"https:\/\/profitstore.pl\/index.php\/wp-json\/wp\/v2\/media?parent=107531"}],"curies":[{"name":"wp","href":"https:\/\/api.w.org\/{rel}","templated":true}]}}