{"id":107527,"date":"2024-09-23T06:29:32","date_gmt":"2024-09-23T06:29:32","guid":{"rendered":"https:\/\/profitstore.pl\/index.php\/produkt\/fng-trawa-parkowa-1kg-3\/"},"modified":"2024-09-23T06:29:32","modified_gmt":"2024-09-23T06:29:32","slug":"fng-trawa-parkowa-1kg-3","status":"publish","type":"product","link":"https:\/\/profitstore.pl\/index.php\/produkt\/fng-trawa-parkowa-1kg-3\/","title":{"rendered":"Fng- trawa parkowa 1kg"},"content":{"rendered":"<p>Mieszanka traw PARKOWA ze wzgl\u0119du na r\u00f3\u017cnorodno\u015b\u0107 zastosowanych kostrzew, doskonale nadaje si\u0119 do obsiewania&nbsp;trawnik\u00f3w w miejscach mniej nas\u0142onecznionych lub cz\u0119\u015bciowo zacienionych. Przewaga kostrzew umo\u017cliwia jej zastosowanie na gruntach s\u0142abszych i okresowo suchych. Charakteryzuje si\u0119 du\u017c\u0105 odporno\u015bci\u0105 na zmienne warunki siedliskowe. Uzyskany trawnik nie wymaga intensywnej piel\u0119gnacji, dobrze znosi susz\u0119 i mro\u017ane zimy. Odznacza si\u0119 wolnym wzrostem. Wysoko\u015b\u0107 koszenia 5-6cm. &nbsp; Mieszanka dost\u0119pna w opakowaniach: &nbsp; Kartonik &nbsp; 0,5 kg &nbsp; oraz &nbsp; 1 kg , Worek papierowy &nbsp; 5 kg<\/p>\n<p>Poni\u017cej przedstawiamy sprzedawany produkt:<\/p>\n<p><img src=\"https:\/\/noweogrody.pl\/39679-large_default\/fng-trawa-parkowa-1kg.jpg\" alt=\"Fng- trawa parkowa 1kg\" \/><\/p>\n","protected":false},"excerpt":{"rendered":"<p>Mieszanka traw PARKOWA ze wzgl\u0119du na r\u00f3\u017cnorodno\u015b\u0107 zastosowanych kostrzew, doskonale nadaje si\u0119 do obsiewania&nbsp;trawnik\u00f3w w miejscach mniej nas\u0142onecznionych lub cz\u0119\u015bciowo zacienionych. Przewaga kostrzew umo\u017cliwia jej zastosowanie na gruntach s\u0142abszych i okresowo suchych. Charakteryzuje si\u0119 du\u017c\u0105 odporno\u015bci\u0105 na zmienne warunki siedliskowe. Uzyskany trawnik nie wymaga intensywnej piel\u0119gnacji, dobrze znosi susz\u0119 i mro\u017ane zimy. Odznacza si\u0119 wolnym wzrostem. Wysoko\u015b\u0107 koszenia 5-6cm. &nbsp; Mieszanka dost\u0119pna w opakowaniach: &nbsp; Kartonik &nbsp; 0,5 kg &nbsp; oraz &nbsp; 1 kg , Worek papierowy &nbsp; 5 kg<\/p>\n","protected":false},"featured_media":115030,"template":"","meta":[],"_links":{"self":[{"href":"https:\/\/profitstore.pl\/index.php\/wp-json\/wp\/v2\/product\/107527"}],"collection":[{"href":"https:\/\/profitstore.pl\/index.php\/wp-json\/wp\/v2\/product"}],"about":[{"href":"https:\/\/profitstore.pl\/index.php\/wp-json\/wp\/v2\/types\/product"}],"wp:featuredmedia":[{"embeddable":true,"href":"https:\/\/profitstore.pl\/index.php\/wp-json\/wp\/v2\/media\/115030"}],"wp:attachment":[{"href":"https:\/\/profitstore.pl\/index.php\/wp-json\/wp\/v2\/media?parent=107527"}],"curies":[{"name":"wp","href":"https:\/\/api.w.org\/{rel}","templated":true}]}}