{"id":107523,"date":"2024-09-23T06:29:10","date_gmt":"2024-09-23T06:29:10","guid":{"rendered":"https:\/\/profitstore.pl\/index.php\/produkt\/fng-trawa-boiskowa-1kg-3\/"},"modified":"2024-09-23T06:29:27","modified_gmt":"2024-09-23T06:29:27","slug":"fng-trawa-boiskowa-1kg-3","status":"publish","type":"product","link":"https:\/\/profitstore.pl\/index.php\/produkt\/fng-trawa-boiskowa-1kg-3\/","title":{"rendered":"Fng- trawa boiskowa 1kg"},"content":{"rendered":"<p>Klasyczna mieszanka traw przeznaczona do zak\u0142adania muraw i trawnik\u00f3w intensywnie u\u017cytkowanych. Dzi\u0119ki wysokiej odporno\u015bci na deptanie oraz ugniatanie, polecana jest g\u0142\u00f3wnie na obsiew boisk, teren\u00f3w sportowych, plac\u00f3w zabaw lub trawnik\u00f3w nara\u017conych na uszkodzenia mechaniczne. \u017bycica trwa\u0142a wp\u0142ywa na szybk\u0105 regeneracje murawy. Zastosowana w mieszance BOISKOWEJ wiechlina, silnie krzewi\u0105c si\u0119 wraz z pozosta\u0142ymi sk\u0142adnikami, tworzy wytrzyma\u0142\u0105, g\u0119st\u0105, ciemnozielon\u0105 dar\u0144. Wymagania glebowe i wilgotno\u015bciowe zastosowanych traw s\u0105 nieco wi\u0119ksze od przeci\u0119tnych. Starannie dobrane sk\u0142adniki mieszanki pozwalaj\u0105 na zachowanie wysokich walor\u00f3w estetycznych i u\u017cytkowych. Powsta\u0142a murawa boiska wymaga starannej piel\u0119gnacji. &nbsp; Mieszanka traw odpornych na wymarzanie. Wysoko\u015b\u0107 koszenia 4-5cm. &nbsp; Mieszanka dost\u0119pna w opakowaniach: Kartonik &nbsp; 0,5 kg , 1 kg , worek papierowy &nbsp; 5 kg , &nbsp; 15 kg<\/p>\n<p>Poni\u017cej przedstawiamy sprzedawany produkt:<\/p>\n<p><img src=\"https:\/\/noweogrody.pl\/39270-large_default\/fng-trawa-boiskowa-1kg.jpg\" alt=\"Fng- trawa boiskowa 1kg\" \/><\/p>\n","protected":false},"excerpt":{"rendered":"<p>Klasyczna mieszanka traw przeznaczona do zak\u0142adania muraw i trawnik\u00f3w intensywnie u\u017cytkowanych. Dzi\u0119ki wysokiej odporno\u015bci na deptanie oraz ugniatanie, polecana jest g\u0142\u00f3wnie na obsiew boisk, teren\u00f3w sportowych, plac\u00f3w zabaw lub trawnik\u00f3w nara\u017conych na uszkodzenia mechaniczne. \u017bycica trwa\u0142a wp\u0142ywa na szybk\u0105 regeneracje murawy. Zastosowana w mieszance BOISKOWEJ wiechlina, silnie krzewi\u0105c si\u0119 wraz z pozosta\u0142ymi sk\u0142adnikami, tworzy wytrzyma\u0142\u0105, g\u0119st\u0105, ciemnozielon\u0105 dar\u0144. Wymagania glebowe i wilgotno\u015bciowe zastosowanych traw s\u0105 nieco wi\u0119ksze od przeci\u0119tnych. Starannie dobrane sk\u0142adniki mieszanki pozwalaj\u0105 na zachowanie wysokich walor\u00f3w estetycznych i u\u017cytkowych. Powsta\u0142a murawa boiska wymaga starannej piel\u0119gnacji. &nbsp; Mieszanka traw odpornych na wymarzanie. Wysoko\u015b\u0107 koszenia 4-5cm. &nbsp; Mieszanka dost\u0119pna w opakowaniach: Kartonik &nbsp; 0,5 kg , 1 kg , worek papierowy &nbsp; 5 kg , &nbsp; 15 kg<\/p>\n","protected":false},"featured_media":115028,"template":"","meta":[],"_links":{"self":[{"href":"https:\/\/profitstore.pl\/index.php\/wp-json\/wp\/v2\/product\/107523"}],"collection":[{"href":"https:\/\/profitstore.pl\/index.php\/wp-json\/wp\/v2\/product"}],"about":[{"href":"https:\/\/profitstore.pl\/index.php\/wp-json\/wp\/v2\/types\/product"}],"wp:featuredmedia":[{"embeddable":true,"href":"https:\/\/profitstore.pl\/index.php\/wp-json\/wp\/v2\/media\/115028"}],"wp:attachment":[{"href":"https:\/\/profitstore.pl\/index.php\/wp-json\/wp\/v2\/media?parent=107523"}],"curies":[{"name":"wp","href":"https:\/\/api.w.org\/{rel}","templated":true}]}}