{"id":107493,"date":"2024-03-28T11:19:17","date_gmt":"2024-03-28T11:19:17","guid":{"rendered":"https:\/\/profitstore.pl\/index.php\/produkt\/marolex-lanca-15cm-z-dysza-r01mr15-3\/"},"modified":"2024-03-28T11:19:17","modified_gmt":"2024-03-28T11:19:17","slug":"marolex-lanca-15cm-z-dysza-r01mr15-3","status":"publish","type":"product","link":"https:\/\/profitstore.pl\/index.php\/produkt\/marolex-lanca-15cm-z-dysza-r01mr15-3\/","title":{"rendered":"Marolex- Lanca 15cm z dysz\u0105 R01mr15"},"content":{"rendered":"<p>Lanca aluminiowa , modu\u0142owa z dysz\u0105 , d\u0142ugo\u015b\u0107 15 cm. Pasuje do modeli : Master<\/p>\n<p>Poni\u017cej przedstawiamy sprzedawany produkt:<\/p>\n<p><img src=\"https:\/\/noweogrody.pl\/14149-large_default\/marolex-lanca-15cm-z-dysza-r01mr15.jpg\" alt=\"Marolex- Lanca 15cm z dysz\u0105 R01mr15\" \/><\/p>\n","protected":false},"excerpt":{"rendered":"<p>Lanca aluminiowa , modu\u0142owa z dysz\u0105 , d\u0142ugo\u015b\u0107 15 cm. Pasuje do modeli : Master<\/p>\n","protected":false},"featured_media":61099,"template":"","meta":[],"_links":{"self":[{"href":"https:\/\/profitstore.pl\/index.php\/wp-json\/wp\/v2\/product\/107493"}],"collection":[{"href":"https:\/\/profitstore.pl\/index.php\/wp-json\/wp\/v2\/product"}],"about":[{"href":"https:\/\/profitstore.pl\/index.php\/wp-json\/wp\/v2\/types\/product"}],"wp:featuredmedia":[{"embeddable":true,"href":"https:\/\/profitstore.pl\/index.php\/wp-json\/wp\/v2\/media\/61099"}],"wp:attachment":[{"href":"https:\/\/profitstore.pl\/index.php\/wp-json\/wp\/v2\/media?parent=107493"}],"curies":[{"name":"wp","href":"https:\/\/api.w.org\/{rel}","templated":true}]}}