{"id":107490,"date":"2024-09-23T06:28:15","date_gmt":"2024-09-23T06:28:15","guid":{"rendered":"https:\/\/profitstore.pl\/index.php\/produkt\/kwazar-zestaw-uszczelek-venus-super-3\/"},"modified":"2024-09-23T06:28:39","modified_gmt":"2024-09-23T06:28:39","slug":"kwazar-zestaw-uszczelek-venus-super-3","status":"publish","type":"product","link":"https:\/\/profitstore.pl\/index.php\/produkt\/kwazar-zestaw-uszczelek-venus-super-3\/","title":{"rendered":"Kwazar- Zestaw uszczelek venus super"},"content":{"rendered":"<p>Zestaw serwisowy Venus Super zawiera najwa\u017cniejsze uszczelnienia niezb\u0119dne do poprawnego dzia\u0142ania opryskiwacza. W zestawie serwisowym znajduje si\u0119 kanisterek z olejkiem silikonowym do konserwacji i smarowania uszczelnie\u0144. &nbsp; Zestaw zawiera : Oring t\u0142oka 20&#215;2,5 NBR Oring korpusu pompy 28&#215;2 NBR Grzybek zaworu pompy Oring trzpienia zaworu 4,4&#215;2,4 NBR Uszczelka korek Oring na trzpie\u0144 zaworu bezpiecze\u0144stwa 3,8&#215;1,9 Viton Kanisterek z olejkiem silikonowym Pasuje do Venus Super, Venus Super 360<\/p>\n<p>Poni\u017cej przedstawiamy sprzedawany produkt:<\/p>\n<p><img src=\"https:\/\/noweogrody.pl\/29956-large_default\/kwazar-zestaw-uszczelek-venus-super.jpg\" alt=\"Kwazar- Zestaw uszczelek venus super\" \/><\/p>\n","protected":false},"excerpt":{"rendered":"<p>Zestaw serwisowy Venus Super zawiera najwa\u017cniejsze uszczelnienia niezb\u0119dne do poprawnego dzia\u0142ania opryskiwacza. W zestawie serwisowym znajduje si\u0119 kanisterek z olejkiem silikonowym do konserwacji i smarowania uszczelnie\u0144. &nbsp; Zestaw zawiera : Oring t\u0142oka 20&#215;2,5 NBR Oring korpusu pompy 28&#215;2 NBR Grzybek zaworu pompy Oring trzpienia zaworu 4,4&#215;2,4 NBR Uszczelka korek Oring na trzpie\u0144 zaworu bezpiecze\u0144stwa 3,8&#215;1,9 Viton Kanisterek z olejkiem silikonowym Pasuje do Venus Super, Venus Super 360<\/p>\n","protected":false},"featured_media":96477,"template":"","meta":[],"_links":{"self":[{"href":"https:\/\/profitstore.pl\/index.php\/wp-json\/wp\/v2\/product\/107490"}],"collection":[{"href":"https:\/\/profitstore.pl\/index.php\/wp-json\/wp\/v2\/product"}],"about":[{"href":"https:\/\/profitstore.pl\/index.php\/wp-json\/wp\/v2\/types\/product"}],"wp:featuredmedia":[{"embeddable":true,"href":"https:\/\/profitstore.pl\/index.php\/wp-json\/wp\/v2\/media\/96477"}],"wp:attachment":[{"href":"https:\/\/profitstore.pl\/index.php\/wp-json\/wp\/v2\/media?parent=107490"}],"curies":[{"name":"wp","href":"https:\/\/api.w.org\/{rel}","templated":true}]}}