{"id":107484,"date":"2024-09-23T06:28:15","date_gmt":"2024-09-23T06:28:15","guid":{"rendered":"https:\/\/profitstore.pl\/index.php\/produkt\/kwazar-zawor-bezpiecznstwa-orion-3\/"},"modified":"2024-09-23T06:28:29","modified_gmt":"2024-09-23T06:28:29","slug":"kwazar-zawor-bezpiecznstwa-orion-3","status":"publish","type":"product","link":"https:\/\/profitstore.pl\/index.php\/produkt\/kwazar-zawor-bezpiecznstwa-orion-3\/","title":{"rendered":"Kwazar- Zaw\u00f3r bezpiecz\u0144stwa orion"},"content":{"rendered":"<p>Zaw\u00f3r reguluje ci\u015bnienie powietrza wewn\u0105trz zbiornika i zapobiega nadmiernemu napompowaniu opryskiwacza, gwarantuj\u0105c tym samym bezpieczn\u0105 prac\u0119. Pe\u0142ni r\u00f3wnie\u017c rol\u0119 zaworu spustowego przed ka\u017cdorazowym odkr\u0119ceniem pompy. Zawarto\u015b\u0107 zestawu: -korpus zaworu bezpiecze\u0144stwa Pasuje do: Orion Super, R\u00f3\u017ca, Gaja<\/p>\n<p>Poni\u017cej przedstawiamy sprzedawany produkt:<\/p>\n<p><img src=\"https:\/\/noweogrody.pl\/29938-large_default\/kwazar-zawor-bezpiecznstwa-orion.jpg\" alt=\"Kwazar- Zaw\u00f3r bezpiecz\u0144stwa orion\" \/><\/p>\n","protected":false},"excerpt":{"rendered":"<p>Zaw\u00f3r reguluje ci\u015bnienie powietrza wewn\u0105trz zbiornika i zapobiega nadmiernemu napompowaniu opryskiwacza, gwarantuj\u0105c tym samym bezpieczn\u0105 prac\u0119. Pe\u0142ni r\u00f3wnie\u017c rol\u0119 zaworu spustowego przed ka\u017cdorazowym odkr\u0119ceniem pompy. Zawarto\u015b\u0107 zestawu: -korpus zaworu bezpiecze\u0144stwa Pasuje do: Orion Super, R\u00f3\u017ca, Gaja<\/p>\n","protected":false},"featured_media":115011,"template":"","meta":[],"_links":{"self":[{"href":"https:\/\/profitstore.pl\/index.php\/wp-json\/wp\/v2\/product\/107484"}],"collection":[{"href":"https:\/\/profitstore.pl\/index.php\/wp-json\/wp\/v2\/product"}],"about":[{"href":"https:\/\/profitstore.pl\/index.php\/wp-json\/wp\/v2\/types\/product"}],"wp:featuredmedia":[{"embeddable":true,"href":"https:\/\/profitstore.pl\/index.php\/wp-json\/wp\/v2\/media\/115011"}],"wp:attachment":[{"href":"https:\/\/profitstore.pl\/index.php\/wp-json\/wp\/v2\/media?parent=107484"}],"curies":[{"name":"wp","href":"https:\/\/api.w.org\/{rel}","templated":true}]}}