{"id":107480,"date":"2024-09-23T06:28:15","date_gmt":"2024-09-23T06:28:15","guid":{"rendered":"https:\/\/profitstore.pl\/index.php\/produkt\/kwazar-rekojesc-lancy-z-zaworem-orion-3\/"},"modified":"2024-09-23T06:28:22","modified_gmt":"2024-09-23T06:28:22","slug":"kwazar-rekojesc-lancy-z-zaworem-orion-3","status":"publish","type":"product","link":"https:\/\/profitstore.pl\/index.php\/produkt\/kwazar-rekojesc-lancy-z-zaworem-orion-3\/","title":{"rendered":"Kwazar- R\u0119koje\u015b\u0107 lancy z zaworem orion"},"content":{"rendered":"<p>R\u0119koje\u015b\u0107 ta montowana jest seryjnie we wszystkich modelach Kwazar z serii Orion. Posiada blokad\u0119 u\u0142atwiaj\u0105c\u0105 prac\u0119 przy d\u0142ugotrwa\u0142ych opryskach. R\u0119koje\u015b\u0107 zosta\u0142a wyposa\u017cona w zaw\u00f3r t\u0142oczkowy, a w uchwycie umieszczony jest filtr cz\u0105stek sta\u0142ych, kt\u00f3ry skutecznie zapobiega przedostaniu si\u0119 zanieczyszcze\u0144.<\/p>\n<p>Poni\u017cej przedstawiamy sprzedawany produkt:<\/p>\n<p><img src=\"https:\/\/noweogrody.pl\/39502-large_default\/kwazar-rekojesc-lancy-z-zaworem-orion.jpg\" alt=\"Kwazar- R\u0119koje\u015b\u0107 lancy z zaworem orion\" \/><\/p>\n","protected":false},"excerpt":{"rendered":"<p>R\u0119koje\u015b\u0107 ta montowana jest seryjnie we wszystkich modelach Kwazar z serii Orion. Posiada blokad\u0119 u\u0142atwiaj\u0105c\u0105 prac\u0119 przy d\u0142ugotrwa\u0142ych opryskach. R\u0119koje\u015b\u0107 zosta\u0142a wyposa\u017cona w zaw\u00f3r t\u0142oczkowy, a w uchwycie umieszczony jest filtr cz\u0105stek sta\u0142ych, kt\u00f3ry skutecznie zapobiega przedostaniu si\u0119 zanieczyszcze\u0144.<\/p>\n","protected":false},"featured_media":115009,"template":"","meta":[],"_links":{"self":[{"href":"https:\/\/profitstore.pl\/index.php\/wp-json\/wp\/v2\/product\/107480"}],"collection":[{"href":"https:\/\/profitstore.pl\/index.php\/wp-json\/wp\/v2\/product"}],"about":[{"href":"https:\/\/profitstore.pl\/index.php\/wp-json\/wp\/v2\/types\/product"}],"wp:featuredmedia":[{"embeddable":true,"href":"https:\/\/profitstore.pl\/index.php\/wp-json\/wp\/v2\/media\/115009"}],"wp:attachment":[{"href":"https:\/\/profitstore.pl\/index.php\/wp-json\/wp\/v2\/media?parent=107480"}],"curies":[{"name":"wp","href":"https:\/\/api.w.org\/{rel}","templated":true}]}}