{"id":107476,"date":"2024-03-28T11:18:00","date_gmt":"2024-03-28T11:18:00","guid":{"rendered":"https:\/\/profitstore.pl\/index.php\/produkt\/marolex-opryskiwacz-5l-profession-plus-malowanie-3\/"},"modified":"2024-03-28T11:18:35","modified_gmt":"2024-03-28T11:18:35","slug":"marolex-opryskiwacz-5l-profession-plus-malowanie-3","status":"publish","type":"product","link":"https:\/\/profitstore.pl\/index.php\/produkt\/marolex-opryskiwacz-5l-profession-plus-malowanie-3\/","title":{"rendered":"Marolex- Opryskiwacz 5l profession plus MALOWANIE"},"content":{"rendered":"<p>&nbsp; Opryskiwacz Profession Plus 5 to urz\u0105dzenie wielofunkcyjne. Przeznaczone jest do &#8211; bielenia wapnem drzew i pomieszcze\u0144 gospodarczych, zacieniania szklarni, impregnacji, &#8211; oprysk\u00f3w \u015brodkami ochrony ro\u015blin oraz do mycia maszyn i urz\u0105dze\u0144. Nanoszenie wapna i roztwor\u00f3w emulsyjnych jest mo\u017cliwe dzi\u0119ki wyposa\u017ceniu go w specjalny, opatentowany przez firm\u0119 MAROLEX mieszacz cieczy (zapobiegaj\u0105cy osadzaniu si\u0119 emulsji na dnie zbiornika). Zaw\u00f3r kulowy oraz wzmocniony w\u0105\u017c i rurki o du\u017cej przepustowo\u015bci znacznie podnosz\u0105 komfort pracy. Dodatkow\u0105 zalet\u0105 urz\u0105dzenia jest wysokowydajna pompa umieszczona na zewn\u0105trz zbiornika (*rozwi\u0105zanie techniczne w celu unikni\u0119cia kontaktu pompy z agresywn\u0105 ciecz\u0105 oraz zminimalizowania wysi\u0142ku \/ schylania si\u0119 ).<\/p>\n<p>Poni\u017cej przedstawiamy sprzedawany produkt:<\/p>\n<p><img src=\"https:\/\/noweogrody.pl\/30065-large_default\/marolex-opryskiwacz-5l-profession-plus-malowanie.jpg\" alt=\"Marolex- Opryskiwacz 5l profession plus MALOWANIE\" \/><\/p>\n","protected":false},"excerpt":{"rendered":"<p>&nbsp; Opryskiwacz Profession Plus 5 to urz\u0105dzenie wielofunkcyjne. Przeznaczone jest do &#8211; bielenia wapnem drzew i pomieszcze\u0144 gospodarczych, zacieniania szklarni, impregnacji, &#8211; oprysk\u00f3w \u015brodkami ochrony ro\u015blin oraz do mycia maszyn i urz\u0105dze\u0144. Nanoszenie wapna i roztwor\u00f3w emulsyjnych jest mo\u017cliwe dzi\u0119ki wyposa\u017ceniu go w specjalny, opatentowany przez firm\u0119 MAROLEX mieszacz cieczy (zapobiegaj\u0105cy osadzaniu si\u0119 emulsji na dnie zbiornika). Zaw\u00f3r kulowy oraz wzmocniony w\u0105\u017c i rurki o du\u017cej przepustowo\u015bci znacznie podnosz\u0105 komfort pracy. Dodatkow\u0105 zalet\u0105 urz\u0105dzenia jest wysokowydajna pompa umieszczona na zewn\u0105trz zbiornika (*rozwi\u0105zanie techniczne w celu unikni\u0119cia kontaktu pompy z agresywn\u0105 ciecz\u0105 oraz zminimalizowania wysi\u0142ku \/ schylania si\u0119 ).<\/p>\n","protected":false},"featured_media":96470,"template":"","meta":[],"_links":{"self":[{"href":"https:\/\/profitstore.pl\/index.php\/wp-json\/wp\/v2\/product\/107476"}],"collection":[{"href":"https:\/\/profitstore.pl\/index.php\/wp-json\/wp\/v2\/product"}],"about":[{"href":"https:\/\/profitstore.pl\/index.php\/wp-json\/wp\/v2\/types\/product"}],"wp:featuredmedia":[{"embeddable":true,"href":"https:\/\/profitstore.pl\/index.php\/wp-json\/wp\/v2\/media\/96470"}],"wp:attachment":[{"href":"https:\/\/profitstore.pl\/index.php\/wp-json\/wp\/v2\/media?parent=107476"}],"curies":[{"name":"wp","href":"https:\/\/api.w.org\/{rel}","templated":true}]}}