{"id":107472,"date":"2024-09-23T06:27:43","date_gmt":"2024-09-23T06:27:43","guid":{"rendered":"https:\/\/profitstore.pl\/index.php\/produkt\/marolex-opryskiwacz-master-3000-3\/"},"modified":"2024-09-23T06:28:08","modified_gmt":"2024-09-23T06:28:08","slug":"marolex-opryskiwacz-master-3000-3","status":"publish","type":"product","link":"https:\/\/profitstore.pl\/index.php\/produkt\/marolex-opryskiwacz-master-3000-3\/","title":{"rendered":"Marolex- Opryskiwacz master 3000"},"content":{"rendered":"<p>Opryskiwacz ci\u015bnieniowy r\u0119czny o pojemno\u015bci 3,0 l, wyposa\u017cony zosta\u0142 w dysze MR1.0-90\u00b0 i MR1.5-90\u00b0, profilowany zbiornik z przezroczystym paskiem poziomu cieczy, blokad\u0119 przycisku oraz system 3D Flex. Ci\u015bnienie robocze 0,4 MPa. Poj. ca\u0142kowita 3.55 l Poj. robocza 3,00 l Ci\u015bnienie 0,4 MPa Masa netto 0,63 kg Wysoko\u015b\u0107 340 mm R\u0119czne zraszanie, opryskiwanie oraz piel\u0119gnacja ro\u015blin w domach, na tarasach i balkonach, w szklarniach i ogrodach. Idealnie nadaje si\u0119 do dolistnego nawo\u017cenia, zabieg\u00f3w piel\u0119gnacyjnych i ochronnych roztworami wodnymi, oprysk\u00f3w \u015brodkami ochrony ro\u015blin, aplikacji ekologicznych preparat\u00f3w na bazie oleju parafinowego oraz delikatnego podlewania i zraszania ro\u015blin jak i rozsad. 3D Flex wymienna dysza z regulacj\u0105 strumienia ergonomiczna r\u0105czka z auto blokad\u0105 przycisku profilowany zbiornik z szerokim wlewem przezroczysty pasek poziomu cieczy zaw\u00f3r bezpiecze\u0144stwa 5 lat gwarancji na zbiornik mo\u017cliwo\u015b\u0107 dokupienia lanc i akcesori\u00f3w Mo\u017cliwo\u015b\u0107 oprysku ro\u015blin z ka\u017cdej strony, dostosowanie wielko\u015bci kropli do potrzeb wykonywanego zabiegu, d\u0142ugotrwa\u0142a i komfortowa praca bez obci\u0105\u017cania d\u0142oni, \u0142atwe odkr\u0119canie g\u0142owicy oraz nape\u0142nienie ciecz\u0105, dobra widoczno\u015b\u0107 ilo\u015bci roztworu w zbiorniku, bezpiecze\u0144stwo pracy, wi\u0119kszy zasi\u0119g oprysku.<\/p>\n<p>Poni\u017cej przedstawiamy sprzedawany produkt:<\/p>\n<p><img src=\"https:\/\/noweogrody.pl\/34833-large_default\/marolex-opryskiwacz-master-3000.jpg\" alt=\"Marolex- Opryskiwacz master 3000\" \/><\/p>\n","protected":false},"excerpt":{"rendered":"<p>Opryskiwacz ci\u015bnieniowy r\u0119czny o pojemno\u015bci 3,0 l, wyposa\u017cony zosta\u0142 w dysze MR1.0-90\u00b0 i MR1.5-90\u00b0, profilowany zbiornik z przezroczystym paskiem poziomu cieczy, blokad\u0119 przycisku oraz system 3D Flex. Ci\u015bnienie robocze 0,4 MPa. Poj. ca\u0142kowita 3.55 l Poj. robocza 3,00 l Ci\u015bnienie 0,4 MPa Masa netto 0,63 kg Wysoko\u015b\u0107 340 mm R\u0119czne zraszanie, opryskiwanie oraz piel\u0119gnacja ro\u015blin w domach, na tarasach i balkonach, w szklarniach i ogrodach. Idealnie nadaje si\u0119 do dolistnego nawo\u017cenia, zabieg\u00f3w piel\u0119gnacyjnych i ochronnych roztworami wodnymi, oprysk\u00f3w \u015brodkami ochrony ro\u015blin, aplikacji ekologicznych preparat\u00f3w na bazie oleju parafinowego oraz delikatnego podlewania i zraszania ro\u015blin jak i rozsad. 3D Flex wymienna dysza z regulacj\u0105 strumienia ergonomiczna r\u0105czka z auto blokad\u0105 przycisku profilowany zbiornik z szerokim wlewem przezroczysty pasek poziomu cieczy zaw\u00f3r bezpiecze\u0144stwa 5 lat gwarancji na zbiornik mo\u017cliwo\u015b\u0107 dokupienia lanc i akcesori\u00f3w Mo\u017cliwo\u015b\u0107 oprysku ro\u015blin z ka\u017cdej strony, dostosowanie wielko\u015bci kropli do potrzeb wykonywanego zabiegu, d\u0142ugotrwa\u0142a i komfortowa praca bez obci\u0105\u017cania d\u0142oni, \u0142atwe odkr\u0119canie g\u0142owicy oraz nape\u0142nienie ciecz\u0105, dobra widoczno\u015b\u0107 ilo\u015bci roztworu w zbiorniku, bezpiecze\u0144stwo pracy, wi\u0119kszy zasi\u0119g oprysku.<\/p>\n","protected":false},"featured_media":115005,"template":"","meta":[],"_links":{"self":[{"href":"https:\/\/profitstore.pl\/index.php\/wp-json\/wp\/v2\/product\/107472"}],"collection":[{"href":"https:\/\/profitstore.pl\/index.php\/wp-json\/wp\/v2\/product"}],"about":[{"href":"https:\/\/profitstore.pl\/index.php\/wp-json\/wp\/v2\/types\/product"}],"wp:featuredmedia":[{"embeddable":true,"href":"https:\/\/profitstore.pl\/index.php\/wp-json\/wp\/v2\/media\/115005"}],"wp:attachment":[{"href":"https:\/\/profitstore.pl\/index.php\/wp-json\/wp\/v2\/media?parent=107472"}],"curies":[{"name":"wp","href":"https:\/\/api.w.org\/{rel}","templated":true}]}}