{"id":106978,"date":"2024-09-23T06:16:14","date_gmt":"2024-09-23T06:16:14","guid":{"rendered":"https:\/\/profitstore.pl\/index.php\/produkt\/marolex-smar-silikonowy-z-05-3\/"},"modified":"2024-09-23T06:16:27","modified_gmt":"2024-09-23T06:16:27","slug":"marolex-smar-silikonowy-z-05-3","status":"publish","type":"product","link":"https:\/\/profitstore.pl\/index.php\/produkt\/marolex-smar-silikonowy-z-05-3\/","title":{"rendered":"Marolex- Smar silikonowy Z 05"},"content":{"rendered":"<p>Specjalny smar silikonowy nie rozpuszczalny w wi\u0119kszo\u015bci \u015brodk\u00f3w ochrony ro\u015blin. UWAGA! Bardzo istotne jest aby co najmniej 1 raz w roku smarowa\u0107 smarem silikonowym pomp\u0119 i t\u0142oczek zaworu dozuj\u0105cego (z 2 oringami 3x2mm).<\/p>\n<p>Poni\u017cej przedstawiamy sprzedawany produkt:<\/p>\n<p><img src=\"https:\/\/noweogrody.pl\/15132-large_default\/marolex-smar-silikonowy-z-05.jpg\" alt=\"Marolex- Smar silikonowy Z 05\" \/><\/p>\n","protected":false},"excerpt":{"rendered":"<p>Specjalny smar silikonowy nie rozpuszczalny w wi\u0119kszo\u015bci \u015brodk\u00f3w ochrony ro\u015blin. UWAGA! Bardzo istotne jest aby co najmniej 1 raz w roku smarowa\u0107 smarem silikonowym pomp\u0119 i t\u0142oczek zaworu dozuj\u0105cego (z 2 oringami 3x2mm).<\/p>\n","protected":false},"featured_media":60734,"template":"","meta":[],"_links":{"self":[{"href":"https:\/\/profitstore.pl\/index.php\/wp-json\/wp\/v2\/product\/106978"}],"collection":[{"href":"https:\/\/profitstore.pl\/index.php\/wp-json\/wp\/v2\/product"}],"about":[{"href":"https:\/\/profitstore.pl\/index.php\/wp-json\/wp\/v2\/types\/product"}],"wp:featuredmedia":[{"embeddable":true,"href":"https:\/\/profitstore.pl\/index.php\/wp-json\/wp\/v2\/media\/60734"}],"wp:attachment":[{"href":"https:\/\/profitstore.pl\/index.php\/wp-json\/wp\/v2\/media?parent=106978"}],"curies":[{"name":"wp","href":"https:\/\/api.w.org\/{rel}","templated":true}]}}