{"id":106943,"date":"2024-09-23T06:15:47","date_gmt":"2024-09-23T06:15:47","guid":{"rendered":"https:\/\/profitstore.pl\/index.php\/produkt\/szpilka-do-obrzezy-borderow-l-250-mm-szt-3\/"},"modified":"2024-09-23T06:15:50","modified_gmt":"2024-09-23T06:15:50","slug":"szpilka-do-obrzezy-borderow-l-250-mm-szt-3","status":"publish","type":"product","link":"https:\/\/profitstore.pl\/index.php\/produkt\/szpilka-do-obrzezy-borderow-l-250-mm-szt-3\/","title":{"rendered":"Szpilka do obrze\u017cy, border\u00f3w L -250 mm szt."},"content":{"rendered":"<p>Kotwica do mocowania obrze\u017cy trawnikowych z bardzo mocnego tworzywa. &nbsp; D\u0142ugo\u015b\u0107 -25cm. Wystarcz\u0105 4 sztuki na 1mb obrze\u017ca trawnikowego.<\/p>\n<p>Poni\u017cej przedstawiamy sprzedawany produkt:<\/p>\n<p><img src=\"https:\/\/noweogrody.pl\/35197-large_default\/szpilka-do-obrzezy-borderow-l-250-mm-szt.jpg\" alt=\"Szpilka do obrze\u017cy, border\u00f3w L -250 mm szt.\" \/><\/p>\n","protected":false},"excerpt":{"rendered":"<p>Kotwica do mocowania obrze\u017cy trawnikowych z bardzo mocnego tworzywa. &nbsp; D\u0142ugo\u015b\u0107 -25cm. Wystarcz\u0105 4 sztuki na 1mb obrze\u017ca trawnikowego.<\/p>\n","protected":false},"featured_media":114728,"template":"","meta":[],"_links":{"self":[{"href":"https:\/\/profitstore.pl\/index.php\/wp-json\/wp\/v2\/product\/106943"}],"collection":[{"href":"https:\/\/profitstore.pl\/index.php\/wp-json\/wp\/v2\/product"}],"about":[{"href":"https:\/\/profitstore.pl\/index.php\/wp-json\/wp\/v2\/types\/product"}],"wp:featuredmedia":[{"embeddable":true,"href":"https:\/\/profitstore.pl\/index.php\/wp-json\/wp\/v2\/media\/114728"}],"wp:attachment":[{"href":"https:\/\/profitstore.pl\/index.php\/wp-json\/wp\/v2\/media?parent=106943"}],"curies":[{"name":"wp","href":"https:\/\/api.w.org\/{rel}","templated":true}]}}