{"id":106828,"date":"2024-09-23T06:12:49","date_gmt":"2024-09-23T06:12:49","guid":{"rendered":"https:\/\/profitstore.pl\/index.php\/produkt\/agroszpilka-3-12cm-op-100szt-3\/"},"modified":"2024-09-23T06:13:00","modified_gmt":"2024-09-23T06:13:00","slug":"agroszpilka-3-12cm-op-100szt-3","status":"publish","type":"product","link":"https:\/\/profitstore.pl\/index.php\/produkt\/agroszpilka-3-12cm-op-100szt-3\/","title":{"rendered":"Agroszpilka 3  12cm op. 100szt."},"content":{"rendered":"<p>Plastikowe szpilki do mocowanian agrow\u0142\u00f3kniny, agrotkaniny, geosiatek, folii, plandek i innych. Wymiary: D\u0142ugos\u0107 &#8211; 120mm Szerokos\u0107 &#8211; 40mm<\/p>\n<p>Poni\u017cej przedstawiamy sprzedawany produkt:<\/p>\n<p><img src=\"https:\/\/noweogrody.pl\/38816-large_default\/agroszpilka-3-12cm-op-100szt.jpg\" alt=\"Agroszpilka 3  12cm op. 100szt.\" \/><\/p>\n","protected":false},"excerpt":{"rendered":"<p>Plastikowe szpilki do mocowanian agrow\u0142\u00f3kniny, agrotkaniny, geosiatek, folii, plandek i innych. Wymiary: D\u0142ugos\u0107 &#8211; 120mm Szerokos\u0107 &#8211; 40mm<\/p>\n","protected":false},"featured_media":114677,"template":"","meta":[],"_links":{"self":[{"href":"https:\/\/profitstore.pl\/index.php\/wp-json\/wp\/v2\/product\/106828"}],"collection":[{"href":"https:\/\/profitstore.pl\/index.php\/wp-json\/wp\/v2\/product"}],"about":[{"href":"https:\/\/profitstore.pl\/index.php\/wp-json\/wp\/v2\/types\/product"}],"wp:featuredmedia":[{"embeddable":true,"href":"https:\/\/profitstore.pl\/index.php\/wp-json\/wp\/v2\/media\/114677"}],"wp:attachment":[{"href":"https:\/\/profitstore.pl\/index.php\/wp-json\/wp\/v2\/media?parent=106828"}],"curies":[{"name":"wp","href":"https:\/\/api.w.org\/{rel}","templated":true}]}}