{"id":106806,"date":"2024-09-23T06:12:31","date_gmt":"2024-09-23T06:12:31","guid":{"rendered":"https:\/\/profitstore.pl\/index.php\/produkt\/kwazar-zestaw-uszczelek-3\/"},"modified":"2024-09-23T06:12:34","modified_gmt":"2024-09-23T06:12:34","slug":"kwazar-zestaw-uszczelek-3","status":"publish","type":"product","link":"https:\/\/profitstore.pl\/index.php\/produkt\/kwazar-zestaw-uszczelek-3\/","title":{"rendered":"Kwazar- Zestaw uszczelek"},"content":{"rendered":"<p>Z nami ju\u017c dzi\u015b mo\u017cesz przygotowa\u0107 sw\u00f3j sprz\u0119t do nowego sezonu. Zestaw uszczelek pozwoli Ci na samodzielne serwisowanie opryskiwaczy Kwazar serii Orion Super. &nbsp; Zestaw serwisowy Orion Super zawiera: 1x Kanisterek z olejkiem sylikonowym 1x Grzybek pompki Viton Orion Super 1x O-ring 31&#215;3 Viton 1x O-ring 46&#215;4 NBR 1x O-ring 16&#215;2 NBR 1x O-ring 10,3&#215;2,4 NBR 1x O-ring 4,6&#215;2 Viton 1x O-ring trapezowy NBR &nbsp;<\/p>\n<p>Poni\u017cej przedstawiamy sprzedawany produkt:<\/p>\n<p><img src=\"https:\/\/noweogrody.pl\/32351-large_default\/kwazar-zestaw-uszczelek.jpg\" alt=\"Kwazar- Zestaw uszczelek\" \/><\/p>\n","protected":false},"excerpt":{"rendered":"<p>Z nami ju\u017c dzi\u015b mo\u017cesz przygotowa\u0107 sw\u00f3j sprz\u0119t do nowego sezonu. Zestaw uszczelek pozwoli Ci na samodzielne serwisowanie opryskiwaczy Kwazar serii Orion Super. &nbsp; Zestaw serwisowy Orion Super zawiera: 1x Kanisterek z olejkiem sylikonowym 1x Grzybek pompki Viton Orion Super 1x O-ring 31&#215;3 Viton 1x O-ring 46&#215;4 NBR 1x O-ring 16&#215;2 NBR 1x O-ring 10,3&#215;2,4 NBR 1x O-ring 4,6&#215;2 Viton 1x O-ring trapezowy NBR &nbsp;<\/p>\n","protected":false},"featured_media":0,"template":"","meta":[],"_links":{"self":[{"href":"https:\/\/profitstore.pl\/index.php\/wp-json\/wp\/v2\/product\/106806"}],"collection":[{"href":"https:\/\/profitstore.pl\/index.php\/wp-json\/wp\/v2\/product"}],"about":[{"href":"https:\/\/profitstore.pl\/index.php\/wp-json\/wp\/v2\/types\/product"}],"wp:attachment":[{"href":"https:\/\/profitstore.pl\/index.php\/wp-json\/wp\/v2\/media?parent=106806"}],"curies":[{"name":"wp","href":"https:\/\/api.w.org\/{rel}","templated":true}]}}