{"id":106801,"date":"2024-09-23T06:12:12","date_gmt":"2024-09-23T06:12:12","guid":{"rendered":"https:\/\/profitstore.pl\/index.php\/produkt\/marolex-lanca-teleskop-300cm-bez-raczki-r03mx-3\/"},"modified":"2024-09-23T06:12:26","modified_gmt":"2024-09-23T06:12:26","slug":"marolex-lanca-teleskop-300cm-bez-raczki-r03mx-3","status":"publish","type":"product","link":"https:\/\/profitstore.pl\/index.php\/produkt\/marolex-lanca-teleskop-300cm-bez-raczki-r03mx-3\/","title":{"rendered":"Marolex- Lanca teleskop.300cm bez r\u0105czki R03mx"},"content":{"rendered":"<p>Lanca teleskopowa 3m pasuje do wszystkich modeli opryskiwaczy kompresyjnych i plecakowych Marolex (Titan, Profession, Profession PLUS, Hobby, Jumbo oraz Auto-Myjki). &nbsp; Mo\u017cliwe jest u\u017cycie lancy do wi\u0119kszo\u015bci opryskiwaczy innych producent\u00f3w &#8211; (zastosowano standardowy gwint 3\/8&#8243;). &nbsp; -d\u0142ugo\u015b\u0107 regulowana: 150-300 cm -\u015brednice rurek: 8 i 12 mm -specjalne uszczelnienia -materia\u0142: utwardzone aluminium (anodowane) +PP l-anca wyposa\u017cona jest w dysz\u0119 o regulowanym k\u0105cie strumienia oprysku &#8211; (\u015brednica dyszy 1,5 mm)<\/p>\n<p>Poni\u017cej przedstawiamy sprzedawany produkt:<\/p>\n<p><img src=\"https:\/\/noweogrody.pl\/39200-large_default\/marolex-lanca-teleskop300cm-bez-raczki-r03mx.jpg\" alt=\"Marolex- Lanca teleskop.300cm bez r\u0105czki R03mx\" \/><\/p>\n","protected":false},"excerpt":{"rendered":"<p>Lanca teleskopowa 3m pasuje do wszystkich modeli opryskiwaczy kompresyjnych i plecakowych Marolex (Titan, Profession, Profession PLUS, Hobby, Jumbo oraz Auto-Myjki). &nbsp; Mo\u017cliwe jest u\u017cycie lancy do wi\u0119kszo\u015bci opryskiwaczy innych producent\u00f3w &#8211; (zastosowano standardowy gwint 3\/8&#8243;). &nbsp; -d\u0142ugo\u015b\u0107 regulowana: 150-300 cm -\u015brednice rurek: 8 i 12 mm -specjalne uszczelnienia -materia\u0142: utwardzone aluminium (anodowane) +PP l-anca wyposa\u017cona jest w dysz\u0119 o regulowanym k\u0105cie strumienia oprysku &#8211; (\u015brednica dyszy 1,5 mm)<\/p>\n","protected":false},"featured_media":114661,"template":"","meta":[],"_links":{"self":[{"href":"https:\/\/profitstore.pl\/index.php\/wp-json\/wp\/v2\/product\/106801"}],"collection":[{"href":"https:\/\/profitstore.pl\/index.php\/wp-json\/wp\/v2\/product"}],"about":[{"href":"https:\/\/profitstore.pl\/index.php\/wp-json\/wp\/v2\/types\/product"}],"wp:featuredmedia":[{"embeddable":true,"href":"https:\/\/profitstore.pl\/index.php\/wp-json\/wp\/v2\/media\/114661"}],"wp:attachment":[{"href":"https:\/\/profitstore.pl\/index.php\/wp-json\/wp\/v2\/media?parent=106801"}],"curies":[{"name":"wp","href":"https:\/\/api.w.org\/{rel}","templated":true}]}}