{"id":106796,"date":"2024-09-23T06:12:12","date_gmt":"2024-09-23T06:12:12","guid":{"rendered":"https:\/\/profitstore.pl\/index.php\/produkt\/agro-nova-p-50-czarna-32x10-3\/"},"modified":"2024-09-23T06:12:21","modified_gmt":"2024-09-23T06:12:21","slug":"agro-nova-p-50-czarna-32x10-3","status":"publish","type":"product","link":"https:\/\/profitstore.pl\/index.php\/produkt\/agro-nova-p-50-czarna-32x10-3\/","title":{"rendered":"Agro nova P 50 czarna 3,2&#215;10"},"content":{"rendered":"<p>Agrow\u0142\u00f3knina \u015bci\u00f3\u0142kuj\u0105ca przeciw chwastom pozwala na eliminowanie chwast\u00f3w w naturalny spos\u00f3b. Agrow\u0142\u00f3knina \u015bci\u00f3\u0142kuj\u0105ca przeciw chwastom jest przepuszczalna dla wody i powietrza. Wy\u017csza temperatura gleby pod materia\u0142em \u015bci\u00f3\u0142kuj\u0105cym&nbsp; sprzyja rozwojowi systemu korzeniowego. Rekomendowana do wykorzystywania w uprawie: warzyw, krzew\u00f3w owocowych i ozdobnych oraz kwiat\u00f3w. &nbsp;<\/p>\n<p>Poni\u017cej przedstawiamy sprzedawany produkt:<\/p>\n<p><img src=\"https:\/\/noweogrody.pl\/36936-large_default\/agro-nova-p-50-czarna-32x10.jpg\" alt=\"Agro nova P 50 czarna 3,2x10\" \/><\/p>\n","protected":false},"excerpt":{"rendered":"<p>Agrow\u0142\u00f3knina \u015bci\u00f3\u0142kuj\u0105ca przeciw chwastom pozwala na eliminowanie chwast\u00f3w w naturalny spos\u00f3b. Agrow\u0142\u00f3knina \u015bci\u00f3\u0142kuj\u0105ca przeciw chwastom jest przepuszczalna dla wody i powietrza. Wy\u017csza temperatura gleby pod materia\u0142em \u015bci\u00f3\u0142kuj\u0105cym&nbsp; sprzyja rozwojowi systemu korzeniowego. Rekomendowana do wykorzystywania w uprawie: warzyw, krzew\u00f3w owocowych i ozdobnych oraz kwiat\u00f3w. &nbsp;<\/p>\n","protected":false},"featured_media":114660,"template":"","meta":[],"_links":{"self":[{"href":"https:\/\/profitstore.pl\/index.php\/wp-json\/wp\/v2\/product\/106796"}],"collection":[{"href":"https:\/\/profitstore.pl\/index.php\/wp-json\/wp\/v2\/product"}],"about":[{"href":"https:\/\/profitstore.pl\/index.php\/wp-json\/wp\/v2\/types\/product"}],"wp:featuredmedia":[{"embeddable":true,"href":"https:\/\/profitstore.pl\/index.php\/wp-json\/wp\/v2\/media\/114660"}],"wp:attachment":[{"href":"https:\/\/profitstore.pl\/index.php\/wp-json\/wp\/v2\/media?parent=106796"}],"curies":[{"name":"wp","href":"https:\/\/api.w.org\/{rel}","templated":true}]}}