{"id":106793,"date":"2024-09-23T06:12:12","date_gmt":"2024-09-23T06:12:12","guid":{"rendered":"https:\/\/profitstore.pl\/index.php\/produkt\/marolex-zestaw-5-ciu-dysz-3\/"},"modified":"2024-09-23T06:12:17","modified_gmt":"2024-09-23T06:12:17","slug":"marolex-zestaw-5-ciu-dysz-3","status":"publish","type":"product","link":"https:\/\/profitstore.pl\/index.php\/produkt\/marolex-zestaw-5-ciu-dysz-3\/","title":{"rendered":"Marolex- Zestaw 5-ciu dysz"},"content":{"rendered":"<p>Zestaw 5 dysz herbicidowych pasuj\u0105cych do wszystkich lanc opryskiwaczy kompresyjnych i plecakowych marki Marolex. &nbsp; Zawarto\u015b\u0107: &#8211; MR1.0 &#8211; zielona, 0,40 litra\/min., regulacja k\u0105ta strumienia &#8211; MR1.5 &#8211; \u017c\u00f3\u0142ta, 0,60 litra\/min., regulacja k\u0105ta strumienia &#8211; MF2.110 &#8211; \u017c\u00f3\u0142ta, 0,80 litra\/min., p\u0142askostrumieniowa &#8211; MF3.110 &#8211; niebieska, 1,15 litra\/min. &#8211; p\u0142askostrumieniowa &#8211; MF4.110 &#8211; czerwona, 1,65 litra\/min. &#8211; p\u0142askostrumieniowa &#8211; oring 11,3&#215;2,4 &nbsp; Pasuje do: &#8211; Titan &#8211; Profession &#8211; Profession Plus &#8211; Industry &#8211; Industry 1500, 2000 &#8211; AutoWasher &#8211; Hobby &#8211; MX20<\/p>\n<p>Poni\u017cej przedstawiamy sprzedawany produkt:<\/p>\n<p><img src=\"https:\/\/noweogrody.pl\/39505-large_default\/marolex-zestaw-5-ciu-dysz.jpg\" alt=\"Marolex- Zestaw 5-ciu dysz\" \/><\/p>\n","protected":false},"excerpt":{"rendered":"<p>Zestaw 5 dysz herbicidowych pasuj\u0105cych do wszystkich lanc opryskiwaczy kompresyjnych i plecakowych marki Marolex. &nbsp; Zawarto\u015b\u0107: &#8211; MR1.0 &#8211; zielona, 0,40 litra\/min., regulacja k\u0105ta strumienia &#8211; MR1.5 &#8211; \u017c\u00f3\u0142ta, 0,60 litra\/min., regulacja k\u0105ta strumienia &#8211; MF2.110 &#8211; \u017c\u00f3\u0142ta, 0,80 litra\/min., p\u0142askostrumieniowa &#8211; MF3.110 &#8211; niebieska, 1,15 litra\/min. &#8211; p\u0142askostrumieniowa &#8211; MF4.110 &#8211; czerwona, 1,65 litra\/min. &#8211; p\u0142askostrumieniowa &#8211; oring 11,3&#215;2,4 &nbsp; Pasuje do: &#8211; Titan &#8211; Profession &#8211; Profession Plus &#8211; Industry &#8211; Industry 1500, 2000 &#8211; AutoWasher &#8211; Hobby &#8211; MX20<\/p>\n","protected":false},"featured_media":114658,"template":"","meta":[],"_links":{"self":[{"href":"https:\/\/profitstore.pl\/index.php\/wp-json\/wp\/v2\/product\/106793"}],"collection":[{"href":"https:\/\/profitstore.pl\/index.php\/wp-json\/wp\/v2\/product"}],"about":[{"href":"https:\/\/profitstore.pl\/index.php\/wp-json\/wp\/v2\/types\/product"}],"wp:featuredmedia":[{"embeddable":true,"href":"https:\/\/profitstore.pl\/index.php\/wp-json\/wp\/v2\/media\/114658"}],"wp:attachment":[{"href":"https:\/\/profitstore.pl\/index.php\/wp-json\/wp\/v2\/media?parent=106793"}],"curies":[{"name":"wp","href":"https:\/\/api.w.org\/{rel}","templated":true}]}}