{"id":106781,"date":"2024-09-23T06:11:50","date_gmt":"2024-09-23T06:11:50","guid":{"rendered":"https:\/\/profitstore.pl\/index.php\/produkt\/marolex-lanca-teleskop-r010mx-z-raczka-65-115cm-3\/"},"modified":"2024-09-23T06:11:59","modified_gmt":"2024-09-23T06:11:59","slug":"marolex-lanca-teleskop-r010mx-z-raczka-65-115cm-3","status":"publish","type":"product","link":"https:\/\/profitstore.pl\/index.php\/produkt\/marolex-lanca-teleskop-r010mx-z-raczka-65-115cm-3\/","title":{"rendered":"Marolex- Lanca teleskop. R010mx z r\u0105czk\u0105 65-115cm"},"content":{"rendered":"<p>Regulacja d\u0142ugo\u015bci od 65 do 115 cm. System APS zapobiegaja brudzeniu si\u0119 mechanizmu teleskopu. Dysza posiada p\u0142ynn\u0105 regulacj\u0119 k\u0105ta strumienia. Zewn\u0119trzny materia\u0142 lancy jest po\u0142\u0105czeniem lekkiego plastiku i wyj\u0105tkowo wytrzyma\u0142ego w\u0142\u00f3kna szklanego. Lanca jest w komplecie z precyzyjnym zaworem dozuj\u0105cym zintegrowanym z r\u0105czk\u0105 oraz umieszczonym w niej filtrem i przy\u0142\u0105czem do w\u0119\u017ca. PASUJE DO: hobby\u2122 profession&shy;\u2122 profession plus\u2122 titan\u2122 movi\u2122 fx\u2122 x-line rx\u2122 x-line vx\u2122 x-line<\/p>\n<p>Poni\u017cej przedstawiamy sprzedawany produkt:<\/p>\n<p><img src=\"https:\/\/noweogrody.pl\/39007-large_default\/marolex-lanca-teleskop-r010mx-z-raczka-65-115cm.jpg\" alt=\"Marolex- Lanca teleskop. R010mx z r\u0105czk\u0105 65-115cm\" \/><\/p>\n","protected":false},"excerpt":{"rendered":"<p>Regulacja d\u0142ugo\u015bci od 65 do 115 cm. System APS zapobiegaja brudzeniu si\u0119 mechanizmu teleskopu. Dysza posiada p\u0142ynn\u0105 regulacj\u0119 k\u0105ta strumienia. Zewn\u0119trzny materia\u0142 lancy jest po\u0142\u0105czeniem lekkiego plastiku i wyj\u0105tkowo wytrzyma\u0142ego w\u0142\u00f3kna szklanego. Lanca jest w komplecie z precyzyjnym zaworem dozuj\u0105cym zintegrowanym z r\u0105czk\u0105 oraz umieszczonym w niej filtrem i przy\u0142\u0105czem do w\u0119\u017ca. PASUJE DO: hobby\u2122 profession&shy;\u2122 profession plus\u2122 titan\u2122 movi\u2122 fx\u2122 x-line rx\u2122 x-line vx\u2122 x-line<\/p>\n","protected":false},"featured_media":114653,"template":"","meta":[],"_links":{"self":[{"href":"https:\/\/profitstore.pl\/index.php\/wp-json\/wp\/v2\/product\/106781"}],"collection":[{"href":"https:\/\/profitstore.pl\/index.php\/wp-json\/wp\/v2\/product"}],"about":[{"href":"https:\/\/profitstore.pl\/index.php\/wp-json\/wp\/v2\/types\/product"}],"wp:featuredmedia":[{"embeddable":true,"href":"https:\/\/profitstore.pl\/index.php\/wp-json\/wp\/v2\/media\/114653"}],"wp:attachment":[{"href":"https:\/\/profitstore.pl\/index.php\/wp-json\/wp\/v2\/media?parent=106781"}],"curies":[{"name":"wp","href":"https:\/\/api.w.org\/{rel}","templated":true}]}}