{"id":106777,"date":"2024-03-28T10:58:22","date_gmt":"2024-03-28T10:58:22","guid":{"rendered":"https:\/\/profitstore.pl\/index.php\/produkt\/marolex-waz-z-nakretkami-5m-3\/"},"modified":"2024-03-28T10:58:44","modified_gmt":"2024-03-28T10:58:44","slug":"marolex-waz-z-nakretkami-5m-3","status":"publish","type":"product","link":"https:\/\/profitstore.pl\/index.php\/produkt\/marolex-waz-z-nakretkami-5m-3\/","title":{"rendered":"Marolex- W\u0105\u017c z nakr\u0119tkami 5m"},"content":{"rendered":"<p>MAROLEX W\u0104\u017b Z NAKR\u0118TKAMI DO OPRYSKIWACZY &#8211; zwiekszona d\u0142ugo\u015b\u0107 (5M) u\u0142atwia prac\u0119 z opryskiwaczem. W\u0105\u017c ten pasuje do: Profession &nbsp; 5, 7, 9, 12, &nbsp; Mx20 , Profession PLUS (nie pasuje do Industry i Titan)<\/p>\n<p>Poni\u017cej przedstawiamy sprzedawany produkt:<\/p>\n<p><img src=\"https:\/\/noweogrody.pl\/17947-large_default\/marolex-waz-z-nakretkami-5m.jpg\" alt=\"Marolex- W\u0105\u017c z nakr\u0119tkami 5m\" \/><\/p>\n","protected":false},"excerpt":{"rendered":"<p>MAROLEX W\u0104\u017b Z NAKR\u0118TKAMI DO OPRYSKIWACZY &#8211; zwiekszona d\u0142ugo\u015b\u0107 (5M) u\u0142atwia prac\u0119 z opryskiwaczem. W\u0105\u017c ten pasuje do: Profession &nbsp; 5, 7, 9, 12, &nbsp; Mx20 , Profession PLUS (nie pasuje do Industry i Titan)<\/p>\n","protected":false},"featured_media":60473,"template":"","meta":[],"_links":{"self":[{"href":"https:\/\/profitstore.pl\/index.php\/wp-json\/wp\/v2\/product\/106777"}],"collection":[{"href":"https:\/\/profitstore.pl\/index.php\/wp-json\/wp\/v2\/product"}],"about":[{"href":"https:\/\/profitstore.pl\/index.php\/wp-json\/wp\/v2\/types\/product"}],"wp:featuredmedia":[{"embeddable":true,"href":"https:\/\/profitstore.pl\/index.php\/wp-json\/wp\/v2\/media\/60473"}],"wp:attachment":[{"href":"https:\/\/profitstore.pl\/index.php\/wp-json\/wp\/v2\/media?parent=106777"}],"curies":[{"name":"wp","href":"https:\/\/api.w.org\/{rel}","templated":true}]}}