{"id":106748,"date":"2024-03-28T10:57:34","date_gmt":"2024-03-28T10:57:34","guid":{"rendered":"https:\/\/profitstore.pl\/index.php\/produkt\/marolex-dysza-kompletna-z12-15-3\/"},"modified":"2024-03-28T10:58:01","modified_gmt":"2024-03-28T10:58:01","slug":"marolex-dysza-kompletna-z12-15-3","status":"publish","type":"product","link":"https:\/\/profitstore.pl\/index.php\/produkt\/marolex-dysza-kompletna-z12-15-3\/","title":{"rendered":"Marolex- Dysza kompletna Z12\/15"},"content":{"rendered":"<p>Dysza posiadaj\u0105 mo\u017cliwo\u015b\u0107 regulacji k\u0105ta rozpylenia cieczy. Z12\/15 &#8211; \u015brednica 1,5mm &#8211; kolor \u017c\u00f3\u0142ty<\/p>\n<p>Poni\u017cej przedstawiamy sprzedawany produkt:<\/p>\n<p><img src=\"https:\/\/noweogrody.pl\/32283-large_default\/marolex-dysza-kompletna-z12-15.jpg\" alt=\"Marolex- Dysza kompletna Z12\/15\" \/><\/p>\n","protected":false},"excerpt":{"rendered":"<p>Dysza posiadaj\u0105 mo\u017cliwo\u015b\u0107 regulacji k\u0105ta rozpylenia cieczy. Z12\/15 &#8211; \u015brednica 1,5mm &#8211; kolor \u017c\u00f3\u0142ty<\/p>\n","protected":false},"featured_media":0,"template":"","meta":[],"_links":{"self":[{"href":"https:\/\/profitstore.pl\/index.php\/wp-json\/wp\/v2\/product\/106748"}],"collection":[{"href":"https:\/\/profitstore.pl\/index.php\/wp-json\/wp\/v2\/product"}],"about":[{"href":"https:\/\/profitstore.pl\/index.php\/wp-json\/wp\/v2\/types\/product"}],"wp:attachment":[{"href":"https:\/\/profitstore.pl\/index.php\/wp-json\/wp\/v2\/media?parent=106748"}],"curies":[{"name":"wp","href":"https:\/\/api.w.org\/{rel}","templated":true}]}}