{"id":106746,"date":"2024-09-23T06:11:00","date_gmt":"2024-09-23T06:11:00","guid":{"rendered":"https:\/\/profitstore.pl\/index.php\/produkt\/marolex-opryskiwacz-mini-1000-3\/"},"modified":"2024-09-23T06:11:18","modified_gmt":"2024-09-23T06:11:18","slug":"marolex-opryskiwacz-mini-1000-3","status":"publish","type":"product","link":"https:\/\/profitstore.pl\/index.php\/produkt\/marolex-opryskiwacz-mini-1000-3\/","title":{"rendered":"Marolex- Opryskiwacz mini 1000"},"content":{"rendered":"<p>Spryskiwacz Mini 500 to urz\u0105dzenie o pojemno\u015bci 500 s\u0142u\u017c\u0105ce do r\u0119cznego zraszania, opryskiwania i piel\u0119gnacji ro\u015blin w szklarniach, ogrodach, na tarasach i balkonach. Spryskiwacz posiada dysze o regulowanym k\u0105cie rozpylenia. Idealnie nadaje si\u0119 do dolistnego nawo\u017cenia, zabieg\u00f3w piel\u0119gnacyjnych oraz zraszania wod\u0105. Wszystkie elementy opryskiwacza wykonane s\u0105 z materia\u0142\u00f3w o wysokiej wytrzyma\u0142o\u015bci i odporno\u015bci chemicznej. Specjalna g\u0142\u00f3wka pozwala na uzyskanie bardzo drobnokroplistego rozpylenia &#8222;bez kroplenia&#8221;.<\/p>\n<p>Poni\u017cej przedstawiamy sprzedawany produkt:<\/p>\n<p><img src=\"https:\/\/noweogrody.pl\/36754-large_default\/marolex-opryskiwacz-mini-1000.jpg\" alt=\"Marolex- Opryskiwacz mini 1000\" \/><\/p>\n","protected":false},"excerpt":{"rendered":"<p>Spryskiwacz Mini 500 to urz\u0105dzenie o pojemno\u015bci 500 s\u0142u\u017c\u0105ce do r\u0119cznego zraszania, opryskiwania i piel\u0119gnacji ro\u015blin w szklarniach, ogrodach, na tarasach i balkonach. Spryskiwacz posiada dysze o regulowanym k\u0105cie rozpylenia. Idealnie nadaje si\u0119 do dolistnego nawo\u017cenia, zabieg\u00f3w piel\u0119gnacyjnych oraz zraszania wod\u0105. Wszystkie elementy opryskiwacza wykonane s\u0105 z materia\u0142\u00f3w o wysokiej wytrzyma\u0142o\u015bci i odporno\u015bci chemicznej. Specjalna g\u0142\u00f3wka pozwala na uzyskanie bardzo drobnokroplistego rozpylenia &#8222;bez kroplenia&#8221;.<\/p>\n","protected":false},"featured_media":114634,"template":"","meta":[],"_links":{"self":[{"href":"https:\/\/profitstore.pl\/index.php\/wp-json\/wp\/v2\/product\/106746"}],"collection":[{"href":"https:\/\/profitstore.pl\/index.php\/wp-json\/wp\/v2\/product"}],"about":[{"href":"https:\/\/profitstore.pl\/index.php\/wp-json\/wp\/v2\/types\/product"}],"wp:featuredmedia":[{"embeddable":true,"href":"https:\/\/profitstore.pl\/index.php\/wp-json\/wp\/v2\/media\/114634"}],"wp:attachment":[{"href":"https:\/\/profitstore.pl\/index.php\/wp-json\/wp\/v2\/media?parent=106746"}],"curies":[{"name":"wp","href":"https:\/\/api.w.org\/{rel}","templated":true}]}}