{"id":106701,"date":"2024-09-23T06:10:15","date_gmt":"2024-09-23T06:10:15","guid":{"rendered":"https:\/\/profitstore.pl\/index.php\/produkt\/agro-nova-p-17-16x10-wiosna-3\/"},"modified":"2024-09-23T06:10:24","modified_gmt":"2024-09-23T06:10:24","slug":"agro-nova-p-17-16x10-wiosna-3","status":"publish","type":"product","link":"https:\/\/profitstore.pl\/index.php\/produkt\/agro-nova-p-17-16x10-wiosna-3\/","title":{"rendered":"Agro nova P 17 1,6&#215;10 wiosna"},"content":{"rendered":"<p>Agrow\u0142\u00f3knina wiosenna AGRO-NOVA zaspokaja potrzeby klient\u00f3w, dla kt\u00f3rych czynnikiem determinuj\u0105cym zakup jest cena. Parametry techniczne tej linii, takie jak elastyczno\u015b\u0107 i odporno\u015b\u0107 na zrywanie, r\u00f3\u017cni\u0105 si\u0119 od naszych standard\u00f3w. Agrow\u0142\u00f3knina wiosenna AGRO-NOVA s\u0142u\u017cy do bezpo\u015bredniego os\u0142aniania wysianych lub wysadzonych warzyw w okresie, kiedy warunki zewn\u0119trzne s\u0105 jeszcze dla nich niekorzystne. Chroni i piel\u0119gnuje.<\/p>\n<p>Poni\u017cej przedstawiamy sprzedawany produkt:<\/p>\n<p><img src=\"https:\/\/noweogrody.pl\/39672-large_default\/agro-nova-p-17-16x10-wiosna.jpg\" alt=\"Agro nova P 17 1,6x10 wiosna\" \/><\/p>\n","protected":false},"excerpt":{"rendered":"<p>Agrow\u0142\u00f3knina wiosenna AGRO-NOVA zaspokaja potrzeby klient\u00f3w, dla kt\u00f3rych czynnikiem determinuj\u0105cym zakup jest cena. Parametry techniczne tej linii, takie jak elastyczno\u015b\u0107 i odporno\u015b\u0107 na zrywanie, r\u00f3\u017cni\u0105 si\u0119 od naszych standard\u00f3w. Agrow\u0142\u00f3knina wiosenna AGRO-NOVA s\u0142u\u017cy do bezpo\u015bredniego os\u0142aniania wysianych lub wysadzonych warzyw w okresie, kiedy warunki zewn\u0119trzne s\u0105 jeszcze dla nich niekorzystne. Chroni i piel\u0119gnuje.<\/p>\n","protected":false},"featured_media":114616,"template":"","meta":[],"_links":{"self":[{"href":"https:\/\/profitstore.pl\/index.php\/wp-json\/wp\/v2\/product\/106701"}],"collection":[{"href":"https:\/\/profitstore.pl\/index.php\/wp-json\/wp\/v2\/product"}],"about":[{"href":"https:\/\/profitstore.pl\/index.php\/wp-json\/wp\/v2\/types\/product"}],"wp:featuredmedia":[{"embeddable":true,"href":"https:\/\/profitstore.pl\/index.php\/wp-json\/wp\/v2\/media\/114616"}],"wp:attachment":[{"href":"https:\/\/profitstore.pl\/index.php\/wp-json\/wp\/v2\/media?parent=106701"}],"curies":[{"name":"wp","href":"https:\/\/api.w.org\/{rel}","templated":true}]}}